{"id":712,"date":"2025-05-07T08:09:11","date_gmt":"2025-05-07T08:09:11","guid":{"rendered":"https:\/\/ceuginegueugnon.com\/?page_id=712"},"modified":"2025-05-07T23:38:24","modified_gmt":"2025-05-07T23:38:24","slug":"home","status":"publish","type":"page","link":"https:\/\/ceuginegueugnon.com\/pt\/","title":{"rendered":"In\u00edcio"},"content":{"rendered":"<div data-elementor-type=\"wp-page\" data-elementor-id=\"712\" class=\"elementor elementor-712\" data-elementor-post-type=\"page\">\n\t\t\t\t\t\t<section class=\"elementor-section elementor-top-section elementor-element elementor-element-168c704 elementor-section-boxed elementor-section-height-default elementor-section-height-default\" data-id=\"168c704\" data-element_type=\"section\">\n\t\t\t\t\t\t<div class=\"elementor-container elementor-column-gap-default\">\n\t\t\t\t\t<div class=\"elementor-column elementor-col-100 elementor-top-column elementor-element elementor-element-445fee0\" data-id=\"445fee0\" data-element_type=\"column\">\n\t\t\t<div class=\"elementor-widget-wrap elementor-element-populated\">\n\t\t\t\t\t\t<div class=\"elementor-element elementor-element-d6ffa0b elementor-widget elementor-widget-heading\" data-id=\"d6ffa0b\" data-element_type=\"widget\" data-widget_type=\"heading.default\">\n\t\t\t\t<div class=\"elementor-widget-container\">\n\t\t\t\t\t<h2 class=\"elementor-heading-title elementor-size-default\">Chicken Road \u1409 Jogo online de galinhas para ganhar dinheiro no casino.\n<\/h2>\t\t\t\t<\/div>\n\t\t\t\t<\/div>\n\t\t\t\t<div class=\"elementor-element elementor-element-4dbf589 elementor-align-center elementor-widget elementor-widget-button\" data-id=\"4dbf589\" data-element_type=\"widget\" data-widget_type=\"button.default\">\n\t\t\t\t<div class=\"elementor-widget-container\">\n\t\t\t\t\t\t\t\t\t<div class=\"elementor-button-wrapper\">\n\t\t\t\t\t<a class=\"elementor-button elementor-button-link elementor-size-sm\" href=\"https:\/\/taap.it\/Sx0NZ2\">\n\t\t\t\t\t\t<span class=\"elementor-button-content-wrapper\">\n\t\t\t\t\t\t\t\t\t<span class=\"elementor-button-text\">JOGAR CHICKEN ROAD 2<\/span>\n\t\t\t\t\t<\/span>\n\t\t\t\t\t<\/a>\n\t\t\t\t<\/div>\n\t\t\t\t\t\t\t\t<\/div>\n\t\t\t\t<\/div>\n\t\t\t\t<div class=\"elementor-element elementor-element-a8da9a1 elementor-widget elementor-widget-html\" data-id=\"a8da9a1\" data-element_type=\"widget\" data-widget_type=\"html.default\">\n\t\t\t\t<div class=\"elementor-widget-container\">\n\t\t\t\t\t<iframe src=\"https:\/\/demo.inout.games\/games-view\/games\/game\/?authToken=789ac55e-6fb5-4496-a438-cca4db3313e1&operatorId=ee2013ed-e1f0-4d6e-97d2-f36619e2eb52&gameMode=chicken-road-two&isDemo=MTc0NjU5MzEwNTk1Ng%3D%3D&currency=USD&lang=en\" \n  height=\"700\"><\/iframe>\t\t\t\t<\/div>\n\t\t\t\t<\/div>\n\t\t\t\t<div class=\"elementor-element elementor-element-54adcb9 elementor-widget elementor-widget-heading\" data-id=\"54adcb9\" data-element_type=\"widget\" data-widget_type=\"heading.default\">\n\t\t\t\t<div class=\"elementor-widget-container\">\n\t\t\t\t\t<h1 class=\"elementor-heading-title elementor-size-default\">Chicken Road: jogo de galinha online para ganhar dinheiro no casino<\/h1>\t\t\t\t<\/div>\n\t\t\t\t<\/div>\n\t\t\t\t<div class=\"elementor-element elementor-element-781c468 elementor-widget elementor-widget-heading\" data-id=\"781c468\" data-element_type=\"widget\" data-widget_type=\"heading.default\">\n\t\t\t\t<div class=\"elementor-widget-container\">\n\t\t\t\t\t<p class=\"elementor-heading-title elementor-size-default\">J\u00e1 ouviste falar de <strong>Estrada das galinhas<\/strong> ? \u00c9 um <strong>jogo<\/strong> onde o objetivo \u00e9 t\u00e3o simples quanto cativante: guiar uma galinha atrav\u00e9s de uma s\u00e9rie de desafios para potencialmente ganhar <strong>rendimentos atractivos<\/strong>. Este minijogo destaca-se no mundo dos <strong>casino online<\/strong> com o seu conceito inovador e f\u00e1cil acesso, que atrai muitos jogadores todos os dias.<\/p>\t\t\t\t<\/div>\n\t\t\t\t<\/div>\n\t\t\t\t<div class=\"elementor-element elementor-element-8dfe924 elementor-widget elementor-widget-heading\" data-id=\"8dfe924\" data-element_type=\"widget\" data-widget_type=\"heading.default\">\n\t\t\t\t<div class=\"elementor-widget-container\">\n\t\t\t\t\t<p class=\"elementor-heading-title elementor-size-default\">O sucesso de Chicken Road baseia-se numa receita saborosa que combina simplicidade, divers\u00e3o e a possibilidade de fazer novos amigos. <strong>ganhar muito<\/strong>. Com uma mec\u00e2nica de jogo que faz lembrar os famosos jogos de puzzle, Chicken Road moderniza a experi\u00eancia tradicional de entretenimento online, incorporando a chancelaria do jogo. Intrigado com este cocktail \u00fanico? Vamos mergulhar no mundo emocionante do aventureiro galinha e descobrir o que o torna t\u00e3o especial.<\/p>\t\t\t\t<\/div>\n\t\t\t\t<\/div>\n\t\t\t\t<div class=\"elementor-element elementor-element-5f0eb06 elementor-widget elementor-widget-heading\" data-id=\"5f0eb06\" data-element_type=\"widget\" data-widget_type=\"heading.default\">\n\t\t\t\t<div class=\"elementor-widget-container\">\n\t\t\t\t\t<h2 class=\"elementor-heading-title elementor-size-default\">Como jogar Chicken Road<\/h2>\t\t\t\t<\/div>\n\t\t\t\t<\/div>\n\t\t\t\t<div class=\"elementor-element elementor-element-79375ef elementor-widget elementor-widget-heading\" data-id=\"79375ef\" data-element_type=\"widget\" data-widget_type=\"heading.default\">\n\t\t\t\t<div class=\"elementor-widget-container\">\n\t\t\t\t\t<p class=\"elementor-heading-title elementor-size-default\">ou para <strong>Estrada das galinhas<\/strong> \u00e9 uma brincadeira de crian\u00e7as. O princ\u00edpio \u00e9 simples: ajuda a tua galinha a atravessar uma variedade de caminhos complicados. Cada movimento conta e uma estrat\u00e9gia bem pensada pode ser a chave para maximizar as suas hip\u00f3teses de ganhar. <strong>ganhos potenciais<\/strong>. Mas cuidado! As armadilhas est\u00e3o por todo o lado e exigem muita reflex\u00e3o, tornando cada jogo \u00fanico.<\/p>\t\t\t\t<\/div>\n\t\t\t\t<\/div>\n\t\t\t\t<div class=\"elementor-element elementor-element-e88a37f elementor-align-center elementor-widget elementor-widget-button\" data-id=\"e88a37f\" data-element_type=\"widget\" data-widget_type=\"button.default\">\n\t\t\t\t<div class=\"elementor-widget-container\">\n\t\t\t\t\t\t\t\t\t<div class=\"elementor-button-wrapper\">\n\t\t\t\t\t<a class=\"elementor-button elementor-button-link elementor-size-sm\" href=\"https:\/\/taap.it\/Sx0NZ2\">\n\t\t\t\t\t\t<span class=\"elementor-button-content-wrapper\">\n\t\t\t\t\t\t\t\t\t<span class=\"elementor-button-text\">JOGAR CHICKEN ROAD 2 (OFERTA DE B\u00d3NUS)<\/span>\n\t\t\t\t\t<\/span>\n\t\t\t\t\t<\/a>\n\t\t\t\t<\/div>\n\t\t\t\t\t\t\t\t<\/div>\n\t\t\t\t<\/div>\n\t\t\t\t<div class=\"elementor-element elementor-element-474a8ba elementor-widget elementor-widget-image\" data-id=\"474a8ba\" data-element_type=\"widget\" data-widget_type=\"image.default\">\n\t\t\t\t<div class=\"elementor-widget-container\">\n\t\t\t\t\t\t\t\t\t\t\t\t\t\t\t<img fetchpriority=\"high\" decoding=\"async\" width=\"1366\" height=\"768\" src=\"https:\/\/ceuginegueugnon.com\/wp-content\/uploads\/2025\/05\/img2.png\" class=\"attachment-full size-full wp-image-756\" alt=\"\" srcset=\"https:\/\/ceuginegueugnon.com\/wp-content\/uploads\/2025\/05\/img2.png 1366w, https:\/\/ceuginegueugnon.com\/wp-content\/uploads\/2025\/05\/img2-300x169.png 300w, https:\/\/ceuginegueugnon.com\/wp-content\/uploads\/2025\/05\/img2-1024x576.png 1024w, https:\/\/ceuginegueugnon.com\/wp-content\/uploads\/2025\/05\/img2-768x432.png 768w, https:\/\/ceuginegueugnon.com\/wp-content\/uploads\/2025\/05\/img2-18x10.png 18w\" sizes=\"(max-width: 1366px) 100vw, 1366px\" \/>\t\t\t\t\t\t\t\t\t\t\t\t\t\t\t<\/div>\n\t\t\t\t<\/div>\n\t\t\t\t<div class=\"elementor-element elementor-element-4e4c0a8 elementor-widget elementor-widget-heading\" data-id=\"4e4c0a8\" data-element_type=\"widget\" data-widget_type=\"heading.default\">\n\t\t\t\t<div class=\"elementor-widget-container\">\n\t\t\t\t\t<p class=\"elementor-heading-title elementor-size-default\">Para atrair mesmo os principiantes, a Chicken Road oferece frequentemente um <strong>demonstra\u00e7\u00e3o gratuita<\/strong>. Isto permite que os novos jogadores se familiarizem com o conceito antes de assumirem um compromisso mais s\u00e9rio. Sente-se, desfrute e deixe-se levar por esta aventura divertida e estimulante.<\/p>\t\t\t\t<\/div>\n\t\t\t\t<\/div>\n\t\t\t\t<div class=\"elementor-element elementor-element-9676c2e elementor-widget elementor-widget-heading\" data-id=\"9676c2e\" data-element_type=\"widget\" data-widget_type=\"heading.default\">\n\t\t\t\t<div class=\"elementor-widget-container\">\n\t\t\t\t\t<h3 class=\"elementor-heading-title elementor-size-default\">As fases do jogo<\/h3>\t\t\t\t<\/div>\n\t\t\t\t<\/div>\n\t\t\t\t<div class=\"elementor-element elementor-element-aac5250 elementor-widget elementor-widget-text-editor\" data-id=\"aac5250\" data-element_type=\"widget\" data-widget_type=\"text-editor.default\">\n\t\t\t\t<div class=\"elementor-widget-container\">\n\t\t\t\t\t\t\t\t\t<ul>\n  <li>\ud83d\udeb6\u200d\u2642\ufe0f Move a galinha: Utiliza as setas para guiares a tua galinha, evitares os obst\u00e1culos e chegares ao fim do percurso.<\/li>\n  <li>Estrat\u00e9gia: Planear os seus movimentos para evitar perigos e acumular <strong>pontos adicionais<\/strong>.<\/li>\n  <li>\ud83d\udcb0 Recolher: Recolher os <strong>b\u00f3nus dispersos<\/strong> no campo para aumentar a tua pontua\u00e7\u00e3o final.<\/li>\n<\/ul>\t\t\t\t\t\t\t\t<\/div>\n\t\t\t\t<\/div>\n\t\t\t\t<div class=\"elementor-element elementor-element-cd9ce45 elementor-widget elementor-widget-heading\" data-id=\"cd9ce45\" data-element_type=\"widget\" data-widget_type=\"heading.default\">\n\t\t\t\t<div class=\"elementor-widget-container\">\n\t\t\t\t\t<h3 class=\"elementor-heading-title elementor-size-default\">Os potenciais benef\u00edcios da Chicken Road<\/h3>\t\t\t\t<\/div>\n\t\t\t\t<\/div>\n\t\t\t\t<div class=\"elementor-element elementor-element-05a0199 elementor-widget elementor-widget-heading\" data-id=\"05a0199\" data-element_type=\"widget\" data-widget_type=\"heading.default\">\n\t\t\t\t<div class=\"elementor-widget-container\">\n\t\t\t\t\t<p class=\"elementor-heading-title elementor-size-default\">Escusado ser\u00e1 dizer que uma das principais atrac\u00e7\u00f5es do <strong>Estrada das galinhas<\/strong> reside na sua <strong>ganhos potenciais<\/strong>. Dependendo do seu n\u00edvel de habilidade e estrat\u00e9gia, pode multiplicar significativamente as suas apostas. Gra\u00e7as \u00e0 mec\u00e2nica gamificada e \u00e0s tentadoras tabelas de ganhos, cada vit\u00f3ria traz a sua quota-parte de satisfa\u00e7\u00e3o.<\/p>\t\t\t\t<\/div>\n\t\t\t\t<\/div>\n\t\t\t\t<div class=\"elementor-element elementor-element-ec19338 elementor-widget elementor-widget-heading\" data-id=\"ec19338\" data-element_type=\"widget\" data-widget_type=\"heading.default\">\n\t\t\t\t<div class=\"elementor-widget-container\">\n\t\t\t\t\t<p class=\"elementor-heading-title elementor-size-default\">Le <strong>retorno ao jogador (RTP)<\/strong> \u00e9 tamb\u00e9m um fator importante a considerar quando se escolhe mergulhar na a\u00e7\u00e3o. Chicken Road geralmente oferece um RTP competitivo comparado com outros mini-jogos de casino online. Isto significa que as suas hip\u00f3teses de recuperar uma parte significativa do seu investimento s\u00e3o relativamente altas.<\/p>\t\t\t\t<\/div>\n\t\t\t\t<\/div>\n\t\t\t\t<div class=\"elementor-element elementor-element-193d312 elementor-align-center elementor-widget elementor-widget-button\" data-id=\"193d312\" data-element_type=\"widget\" data-widget_type=\"button.default\">\n\t\t\t\t<div class=\"elementor-widget-container\">\n\t\t\t\t\t\t\t\t\t<div class=\"elementor-button-wrapper\">\n\t\t\t\t\t<a class=\"elementor-button elementor-button-link elementor-size-sm\" href=\"https:\/\/taap.it\/Sx0NZ2\">\n\t\t\t\t\t\t<span class=\"elementor-button-content-wrapper\">\n\t\t\t\t\t\t\t\t\t<span class=\"elementor-button-text\">B\u00d3NUS CHICKEN ROAD 2<\/span>\n\t\t\t\t\t<\/span>\n\t\t\t\t\t<\/a>\n\t\t\t\t<\/div>\n\t\t\t\t\t\t\t\t<\/div>\n\t\t\t\t<\/div>\n\t\t\t\t<div class=\"elementor-element elementor-element-4712ee5 elementor-widget elementor-widget-heading\" data-id=\"4712ee5\" data-element_type=\"widget\" data-widget_type=\"heading.default\">\n\t\t\t\t<div class=\"elementor-widget-container\">\n\t\t\t\t\t<h3 class=\"elementor-heading-title elementor-size-default\">Otimizar as suas hip\u00f3teses de ganhar<\/h3>\t\t\t\t<\/div>\n\t\t\t\t<\/div>\n\t\t\t\t<div class=\"elementor-element elementor-element-a7d94bc elementor-widget elementor-widget-heading\" data-id=\"a7d94bc\" data-element_type=\"widget\" data-widget_type=\"heading.default\">\n\t\t\t\t<div class=\"elementor-widget-container\">\n\t\t\t\t\t<p class=\"elementor-heading-title elementor-size-default\">Algumas dicas podem aumentar as suas hip\u00f3teses de sucesso:<\/p>\t\t\t\t<\/div>\n\t\t\t\t<\/div>\n\t\t\t\t<div class=\"elementor-element elementor-element-79f7974 elementor-widget elementor-widget-text-editor\" data-id=\"79f7974\" data-element_type=\"widget\" data-widget_type=\"text-editor.default\">\n\t\t\t\t<div class=\"elementor-widget-container\">\n\t\t\t\t\t\t\t\t\t<ul>\n  <li>Compreender o ritmo: Estar atento \u00e0 velocidade e aos padr\u00f5es dos obst\u00e1culos para antecipar os movimentos.<\/li>\n  <li>An\u00e1lise: Reserve um momento para analisar cada n\u00edvel antes de fazer os seus primeiros movimentos.<\/li>\n  <li>\ud83c\udfc6 Tirar partido de <strong>b\u00f3nus<\/strong> Utiliza as recompensas que ganhas ao longo do caminho para melhorar a tua pontua\u00e7\u00e3o final.<\/li>\n<\/ul>\t\t\t\t\t\t\t\t<\/div>\n\t\t\t\t<\/div>\n\t\t\t\t<div class=\"elementor-element elementor-element-ab237a5 elementor-widget elementor-widget-heading\" data-id=\"ab237a5\" data-element_type=\"widget\" data-widget_type=\"heading.default\">\n\t\t\t\t<div class=\"elementor-widget-container\">\n\t\t\t\t\t<h2 class=\"elementor-heading-title elementor-size-default\">O impacto das redes sociais em Chicken Road<\/h2>\t\t\t\t<\/div>\n\t\t\t\t<\/div>\n\t\t\t\t<div class=\"elementor-element elementor-element-d061669 elementor-widget elementor-widget-heading\" data-id=\"d061669\" data-element_type=\"widget\" data-widget_type=\"heading.default\">\n\t\t\t\t<div class=\"elementor-widget-container\">\n\t\t\t\t\t<p class=\"elementor-heading-title elementor-size-default\">Num mundo cada vez mais conectado <strong>redes sociais<\/strong> est\u00e3o a desempenhar um papel crucial na crescente popularidade do <strong>Estrada das galinhas<\/strong>. Plataformas como o Instagram e o Facebook permitem que os jogadores partilhem as suas pontua\u00e7\u00f5es, criando uma din\u00e2mica estimulante entre amigos ou no seio de comunidades dedicadas.<\/p>\t\t\t\t<\/div>\n\t\t\t\t<\/div>\n\t\t\t\t<div class=\"elementor-element elementor-element-6bcfe78 elementor-widget elementor-widget-heading\" data-id=\"6bcfe78\" data-element_type=\"widget\" data-widget_type=\"heading.default\">\n\t\t\t\t<div class=\"elementor-widget-container\">\n\t\t\t\t\t<p class=\"elementor-heading-title elementor-size-default\">Al\u00e9m disso, muitos <strong>casinos online<\/strong> oferecem concursos especiais acess\u00edveis atrav\u00e9s das suas p\u00e1ginas sociais. Estes eventos podem incluir b\u00f3nus exclusivos para Chicken Road, incentivando os jogadores a participarem mais e a voltarem regularmente para tentarem a sua sorte.<\/p>\t\t\t\t<\/div>\n\t\t\t\t<\/div>\n\t\t\t\t<div class=\"elementor-element elementor-element-3a73ac1 elementor-widget elementor-widget-image\" data-id=\"3a73ac1\" data-element_type=\"widget\" data-widget_type=\"image.default\">\n\t\t\t\t<div class=\"elementor-widget-container\">\n\t\t\t\t\t\t\t\t\t\t\t\t\t\t\t<img decoding=\"async\" src=\"https:\/\/ceuginegueugnon.com\/wp-content\/uploads\/2025\/05\/img5.png\" title=\"\" alt=\"\" loading=\"lazy\" \/>\t\t\t\t\t\t\t\t\t\t\t\t\t\t\t<\/div>\n\t\t\t\t<\/div>\n\t\t\t\t<div class=\"elementor-element elementor-element-b9e4326 elementor-widget elementor-widget-heading\" data-id=\"b9e4326\" data-element_type=\"widget\" data-widget_type=\"heading.default\">\n\t\t\t\t<div class=\"elementor-widget-container\">\n\t\t\t\t\t<h3 class=\"elementor-heading-title elementor-size-default\">O que \u00e9 que o conceito de RTP representa em Chicken Road?<\/h3>\t\t\t\t<\/div>\n\t\t\t\t<\/div>\n\t\t\t\t<div class=\"elementor-element elementor-element-2d39563 elementor-widget elementor-widget-heading\" data-id=\"2d39563\" data-element_type=\"widget\" data-widget_type=\"heading.default\">\n\t\t\t\t<div class=\"elementor-widget-container\">\n\t\t\t\t\t<p class=\"elementor-heading-title elementor-size-default\">Compreender o conceito de <strong>RTP<\/strong> \u00e9 vital para qualquer pessoa que queira maximizar as suas hip\u00f3teses em qualquer jogo de apostas, e Chicken Road n\u00e3o \u00e9 exce\u00e7\u00e3o. O RTP, ou Taxa de Retorno ao Jogador, \u00e9 uma estat\u00edstica vital que indica a quantidade te\u00f3rica de dinheiro que pode esperar ganhar ao longo do tempo ao jogar.<\/p>\t\t\t\t<\/div>\n\t\t\t\t<\/div>\n\t\t\t\t<div class=\"elementor-element elementor-element-fec6fab elementor-widget elementor-widget-heading\" data-id=\"fec6fab\" data-element_type=\"widget\" data-widget_type=\"heading.default\">\n\t\t\t\t<div class=\"elementor-widget-container\">\n\t\t\t\t\t<p class=\"elementor-heading-title elementor-size-default\">Em <strong>Estrada das galinhas<\/strong>O RTP m\u00e9dio gira em torno de valores muito atractivos, encorajando os participantes a participar na aventura e a explorar todos os recantos deste jogo cativante.<\/p>\t\t\t\t<\/div>\n\t\t\t\t<\/div>\n\t\t\t\t<div class=\"elementor-element elementor-element-1132311 elementor-widget elementor-widget-text-editor\" data-id=\"1132311\" data-element_type=\"widget\" data-widget_type=\"text-editor.default\">\n\t\t\t\t<div class=\"elementor-widget-container\">\n\t\t\t\t\t\t\t\t\t<table>\n<tr>\n  <th>\ud83d\udd0e Exemplo<\/th>\n  <th>\ud83c\udf1f Percentagem da RTP<\/th>\n<\/tr>\n<tr>\n  <td>Jogo de puzzle cl\u00e1ssico<\/td>\n  <td>85%<\/td>\n<\/tr>\n<tr>\n  <td>Especial de estrada de frango<\/td>\n  <td>92%<\/td>\n<\/tr>\n<\/table>\n\t\t\t\t\t\t\t\t<\/div>\n\t\t\t\t<\/div>\n\t\t\t\t<div class=\"elementor-element elementor-element-7ef4d4c elementor-widget elementor-widget-image\" data-id=\"7ef4d4c\" data-element_type=\"widget\" data-widget_type=\"image.default\">\n\t\t\t\t<div class=\"elementor-widget-container\">\n\t\t\t\t\t\t\t\t\t\t\t\t\t\t\t<img decoding=\"async\" src=\"https:\/\/ceuginegueugnon.com\/wp-content\/uploads\/2025\/05\/img4.png\" title=\"\" alt=\"\" loading=\"lazy\" \/>\t\t\t\t\t\t\t\t\t\t\t\t\t\t\t<\/div>\n\t\t\t\t<\/div>\n\t\t\t\t<div class=\"elementor-element elementor-element-495f19c elementor-widget elementor-widget-text-editor\" data-id=\"495f19c\" data-element_type=\"widget\" data-widget_type=\"text-editor.default\">\n\t\t\t\t<div class=\"elementor-widget-container\">\n\t\t\t\t\t\t\t\t\t<h2>Perguntas frequentes sobre a Chicken Road e as suas carater\u00edsticas espec\u00edficas<\/h2>\n<div itemscope itemtype=\"https:\/\/schema.org\/FAQPage\">\n  <div itemprop=\"mainEntity\" itemscope itemtype=\"https:\/\/schema.org\/Question\">\n    <h3 itemprop=\"name\">Que dispositivos posso utilizar para jogar Chicken Road?<\/h3>\n    <div itemprop=\"acceptedAnswer\" itemscope itemtype=\"https:\/\/schema.org\/Answer\">\n      <p itemprop=\"text\">Pode jogar <strong>Estrada das galinhas<\/strong> em v\u00e1rios dispositivos, como computadores, tablets e smartphones. Isto significa que pode experimentar a intr\u00e9pida galinha onde quer que esteja.<\/p>\n    <\/div>\n  <\/div>\n  <div itemprop=\"mainEntity\" itemscope itemtype=\"https:\/\/schema.org\/Question\">\n    <h3 itemprop=\"name\">Preciso de descarregar alguma coisa para jogar?<\/h3>\n    <div itemprop=\"acceptedAnswer\" itemscope itemtype=\"https:\/\/schema.org\/Answer\">\n      <p itemprop=\"text\">N\u00e3o, n\u00e3o h\u00e1 nada para descarregar. O Chicken Road pode ser acedido diretamente a partir do seu browser favorito. Basta iniciar o jogo e j\u00e1 est\u00e1! Uma pequena dica: certifica-te de que a tua liga\u00e7\u00e3o \u00e0 Internet \u00e9 est\u00e1vel para evitar interrup\u00e7\u00f5es inesperadas.<\/p>\n    <\/div>\n  <\/div>\n  <div itemprop=\"mainEntity\" itemscope itemtype=\"https:\/\/schema.org\/Question\">\n    <h3 itemprop=\"name\">Que tipos de b\u00f3nus est\u00e3o dispon\u00edveis em Chicken Road?<\/h3>\n    <div itemprop=\"acceptedAnswer\" itemscope itemtype=\"https:\/\/schema.org\/Answer\">\n      <p itemprop=\"text\">Existem v\u00e1rios <strong>b\u00f3nus<\/strong> em Chicken Road. Podes receber multiplicadores de vit\u00f3rias, vidas extra ou at\u00e9 aceleradores para ires mais depressa. Estes benef\u00edcios tornam cada sess\u00e3o de jogo ainda mais emocionante.<\/p>\n    <\/div>\n  <\/div>\n  <div itemprop=\"mainEntity\" itemscope itemtype=\"https:\/\/schema.org\/Question\">\n    <h3 itemprop=\"name\">Posso experimentar o Chicken Road gratuitamente?<\/h3>\n    <div itemprop=\"acceptedAnswer\" itemscope itemtype=\"https:\/\/schema.org\/Answer\">\n      <p itemprop=\"text\">Sem d\u00favida! Muitas plataformas oferecem uma vers\u00e3o do <strong>demonstra\u00e7\u00e3o gratuita<\/strong> de Chicken Road. Isto permite-lhe testar o jogo antes de decidir apostar dinheiro real, o que \u00e9 perfeito para aqueles que querem compreender as regras primeiro.<\/p>\n    <\/div>\n  <\/div>\n<\/div>\t\t\t\t\t\t\t\t<\/div>\n\t\t\t\t<\/div>\n\t\t\t\t<div class=\"elementor-element elementor-element-1af760f elementor-widget elementor-widget-image\" data-id=\"1af760f\" data-element_type=\"widget\" data-widget_type=\"image.default\">\n\t\t\t\t<div class=\"elementor-widget-container\">\n\t\t\t\t\t\t\t\t\t\t\t\t\t\t\t<img decoding=\"async\" src=\"https:\/\/ceuginegueugnon.com\/wp-content\/uploads\/2025\/05\/img3-2.png\" title=\"\" alt=\"\" loading=\"lazy\" \/>\t\t\t\t\t\t\t\t\t\t\t\t\t\t\t<\/div>\n\t\t\t\t<\/div>\n\t\t\t\t\t<\/div>\n\t\t<\/div>\n\t\t\t\t\t<\/div>\n\t\t<\/section>\n\t\t\t\t<\/div>","protected":false},"excerpt":{"rendered":"<p>Chicken Road \u1409 Jogo de galinha online para ganhar dinheiro no casino JOGAR CHICKEN ROAD 2 Chicken [...].<\/p>","protected":false},"author":2,"featured_media":0,"parent":0,"menu_order":0,"comment_status":"closed","ping_status":"closed","template":"elementor_header_footer","meta":{"site-sidebar-layout":"no-sidebar","site-content-layout":"","ast-site-content-layout":"full-width-container","site-content-style":"default","site-sidebar-style":"default","ast-global-header-display":"","ast-banner-title-visibility":"","ast-main-header-display":"","ast-hfb-above-header-display":"","ast-hfb-below-header-display":"","ast-hfb-mobile-header-display":"","site-post-title":"disabled","ast-breadcrumbs-content":"","ast-featured-img":"disabled","footer-sml-layout":"","theme-transparent-header-meta":"default","adv-header-id-meta":"","stick-header-meta":"","header-above-stick-meta":"","header-main-stick-meta":"","header-below-stick-meta":"","astra-migrate-meta-layouts":"set","ast-page-background-enabled":"default","ast-page-background-meta":{"desktop":{"background-color":"var(--ast-global-color-5)","background-image":"","background-repeat":"repeat","background-position":"center center","background-size":"auto","background-attachment":"scroll","background-type":"","background-media":"","overlay-type":"","overlay-color":"","overlay-opacity":"","overlay-gradient":""},"tablet":{"background-color":"","background-image":"","background-repeat":"repeat","background-position":"center center","background-size":"auto","background-attachment":"scroll","background-type":"","background-media":"","overlay-type":"","overlay-color":"","overlay-opacity":"","overlay-gradient":""},"mobile":{"background-color":"","background-image":"","background-repeat":"repeat","background-position":"center center","background-size":"auto","background-attachment":"scroll","background-type":"","background-media":"","overlay-type":"","overlay-color":"","overlay-opacity":"","overlay-gradient":""}},"ast-content-background-meta":{"desktop":{"background-color":"var(--ast-global-color-4)","background-image":"","background-repeat":"repeat","background-position":"center center","background-size":"auto","background-attachment":"scroll","background-type":"","background-media":"","overlay-type":"","overlay-color":"","overlay-opacity":"","overlay-gradient":""},"tablet":{"background-color":"var(--ast-global-color-4)","background-image":"","background-repeat":"repeat","background-position":"center center","background-size":"auto","background-attachment":"scroll","background-type":"","background-media":"","overlay-type":"","overlay-color":"","overlay-opacity":"","overlay-gradient":""},"mobile":{"background-color":"var(--ast-global-color-4)","background-image":"","background-repeat":"repeat","background-position":"center center","background-size":"auto","background-attachment":"scroll","background-type":"","background-media":"","overlay-type":"","overlay-color":"","overlay-opacity":"","overlay-gradient":""}},"footnotes":""},"class_list":["post-712","page","type-page","status-publish","hentry"],"_links":{"self":[{"href":"https:\/\/ceuginegueugnon.com\/pt\/wp-json\/wp\/v2\/pages\/712","targetHints":{"allow":["GET"]}}],"collection":[{"href":"https:\/\/ceuginegueugnon.com\/pt\/wp-json\/wp\/v2\/pages"}],"about":[{"href":"https:\/\/ceuginegueugnon.com\/pt\/wp-json\/wp\/v2\/types\/page"}],"author":[{"embeddable":true,"href":"https:\/\/ceuginegueugnon.com\/pt\/wp-json\/wp\/v2\/users\/2"}],"replies":[{"embeddable":true,"href":"https:\/\/ceuginegueugnon.com\/pt\/wp-json\/wp\/v2\/comments?post=712"}],"version-history":[{"count":136,"href":"https:\/\/ceuginegueugnon.com\/pt\/wp-json\/wp\/v2\/pages\/712\/revisions"}],"predecessor-version":[{"id":861,"href":"https:\/\/ceuginegueugnon.com\/pt\/wp-json\/wp\/v2\/pages\/712\/revisions\/861"}],"wp:attachment":[{"href":"https:\/\/ceuginegueugnon.com\/pt\/wp-json\/wp\/v2\/media?parent=712"}],"curies":[{"name":"wp","href":"https:\/\/api.w.org\/{rel}","templated":true}]}}