{"id":712,"date":"2025-05-07T08:09:11","date_gmt":"2025-05-07T08:09:11","guid":{"rendered":"https:\/\/ceuginegueugnon.com\/?page_id=712"},"modified":"2025-05-07T23:38:24","modified_gmt":"2025-05-07T23:38:24","slug":"home","status":"publish","type":"page","link":"https:\/\/ceuginegueugnon.com\/it\/","title":{"rendered":"Casa"},"content":{"rendered":"<div data-elementor-type=\"wp-page\" data-elementor-id=\"712\" class=\"elementor elementor-712\" data-elementor-post-type=\"page\">\n\t\t\t\t\t\t<section class=\"elementor-section elementor-top-section elementor-element elementor-element-168c704 elementor-section-boxed elementor-section-height-default elementor-section-height-default\" data-id=\"168c704\" data-element_type=\"section\">\n\t\t\t\t\t\t<div class=\"elementor-container elementor-column-gap-default\">\n\t\t\t\t\t<div class=\"elementor-column elementor-col-100 elementor-top-column elementor-element elementor-element-445fee0\" data-id=\"445fee0\" data-element_type=\"column\">\n\t\t\t<div class=\"elementor-widget-wrap elementor-element-populated\">\n\t\t\t\t\t\t<div class=\"elementor-element elementor-element-d6ffa0b elementor-widget elementor-widget-heading\" data-id=\"d6ffa0b\" data-element_type=\"widget\" data-widget_type=\"heading.default\">\n\t\t\t\t<div class=\"elementor-widget-container\">\n\t\t\t\t\t<h2 class=\"elementor-heading-title elementor-size-default\">Chicken Road \u1409 Gioco online del pollo per vincere soldi al casin\u00f2.\n<\/h2>\t\t\t\t<\/div>\n\t\t\t\t<\/div>\n\t\t\t\t<div class=\"elementor-element elementor-element-4dbf589 elementor-align-center elementor-widget elementor-widget-button\" data-id=\"4dbf589\" data-element_type=\"widget\" data-widget_type=\"button.default\">\n\t\t\t\t<div class=\"elementor-widget-container\">\n\t\t\t\t\t\t\t\t\t<div class=\"elementor-button-wrapper\">\n\t\t\t\t\t<a class=\"elementor-button elementor-button-link elementor-size-sm\" href=\"https:\/\/taap.it\/Sx0NZ2\">\n\t\t\t\t\t\t<span class=\"elementor-button-content-wrapper\">\n\t\t\t\t\t\t\t\t\t<span class=\"elementor-button-text\">GIOCARE A CHICKEN ROAD 2<\/span>\n\t\t\t\t\t<\/span>\n\t\t\t\t\t<\/a>\n\t\t\t\t<\/div>\n\t\t\t\t\t\t\t\t<\/div>\n\t\t\t\t<\/div>\n\t\t\t\t<div class=\"elementor-element elementor-element-a8da9a1 elementor-widget elementor-widget-html\" data-id=\"a8da9a1\" data-element_type=\"widget\" data-widget_type=\"html.default\">\n\t\t\t\t<div class=\"elementor-widget-container\">\n\t\t\t\t\t<iframe src=\"https:\/\/demo.inout.games\/games-view\/games\/game\/?authToken=789ac55e-6fb5-4496-a438-cca4db3313e1&operatorId=ee2013ed-e1f0-4d6e-97d2-f36619e2eb52&gameMode=chicken-road-two&isDemo=MTc0NjU5MzEwNTk1Ng%3D%3D&currency=USD&lang=en\" \n  height=\"700\"><\/iframe>\t\t\t\t<\/div>\n\t\t\t\t<\/div>\n\t\t\t\t<div class=\"elementor-element elementor-element-54adcb9 elementor-widget elementor-widget-heading\" data-id=\"54adcb9\" data-element_type=\"widget\" data-widget_type=\"heading.default\">\n\t\t\t\t<div class=\"elementor-widget-container\">\n\t\t\t\t\t<h1 class=\"elementor-heading-title elementor-size-default\">Chicken Road: gioco online del pollo per vincere soldi al casin\u00f2<\/h1>\t\t\t\t<\/div>\n\t\t\t\t<\/div>\n\t\t\t\t<div class=\"elementor-element elementor-element-781c468 elementor-widget elementor-widget-heading\" data-id=\"781c468\" data-element_type=\"widget\" data-widget_type=\"heading.default\">\n\t\t\t\t<div class=\"elementor-widget-container\">\n\t\t\t\t\t<p class=\"elementor-heading-title elementor-size-default\">Avete mai sentito parlare di <strong>Strada dei polli<\/strong> ? E' un <strong>gioco d'azzardo<\/strong> in cui l'obiettivo \u00e8 tanto semplice quanto accattivante: guidare un pollo attraverso una serie di sfide per vincere potenzialmente <strong>guadagni interessanti<\/strong>. Questo minigioco si distingue nel mondo di <strong>casin\u00f2 online<\/strong> con il suo concetto innovativo e la facilit\u00e0 di accesso, che attira ogni giorno molti giocatori.<\/p>\t\t\t\t<\/div>\n\t\t\t\t<\/div>\n\t\t\t\t<div class=\"elementor-element elementor-element-8dfe924 elementor-widget elementor-widget-heading\" data-id=\"8dfe924\" data-element_type=\"widget\" data-widget_type=\"heading.default\">\n\t\t\t\t<div class=\"elementor-widget-container\">\n\t\t\t\t\t<p class=\"elementor-heading-title elementor-size-default\">Il successo di Chicken Road si basa su una ricetta gustosa che unisce semplicit\u00e0, divertimento e possibilit\u00e0 di <strong>vincere alla grande<\/strong>. Con una meccanica di gioco che ricorda i famosi puzzle game, Chicken Road modernizza la tradizionale esperienza di intrattenimento online, incorporando al tempo stesso la cancelleria del gioco d'azzardo. Siete incuriositi da questo cocktail unico? Immergiamoci nell'emozionante mondo dell'avventuriero pollo e scopriamo cosa lo rende cos\u00ec speciale.<\/p>\t\t\t\t<\/div>\n\t\t\t\t<\/div>\n\t\t\t\t<div class=\"elementor-element elementor-element-5f0eb06 elementor-widget elementor-widget-heading\" data-id=\"5f0eb06\" data-element_type=\"widget\" data-widget_type=\"heading.default\">\n\t\t\t\t<div class=\"elementor-widget-container\">\n\t\t\t\t\t<h2 class=\"elementor-heading-title elementor-size-default\">Come giocare a Chicken Road<\/h2>\t\t\t\t<\/div>\n\t\t\t\t<\/div>\n\t\t\t\t<div class=\"elementor-element elementor-element-79375ef elementor-widget elementor-widget-heading\" data-id=\"79375ef\" data-element_type=\"widget\" data-widget_type=\"heading.default\">\n\t\t\t\t<div class=\"elementor-widget-container\">\n\t\t\t\t\t<p class=\"elementor-heading-title elementor-size-default\">o a <strong>Strada dei polli<\/strong> \u00e8 un gioco da ragazzi. Il principio \u00e8 semplice: aiutate il vostro pollo ad attraversare una serie di percorsi difficili. Ogni mossa \u00e8 importante e una strategia ben studiata pu\u00f2 essere la chiave per massimizzare le possibilit\u00e0 di vittoria. <strong>guadagni potenziali<\/strong>. Ma attenzione! Le trappole sono ovunque e richiedono una buona dose di riflessione, rendendo ogni partita unica.<\/p>\t\t\t\t<\/div>\n\t\t\t\t<\/div>\n\t\t\t\t<div class=\"elementor-element elementor-element-e88a37f elementor-align-center elementor-widget elementor-widget-button\" data-id=\"e88a37f\" data-element_type=\"widget\" data-widget_type=\"button.default\">\n\t\t\t\t<div class=\"elementor-widget-container\">\n\t\t\t\t\t\t\t\t\t<div class=\"elementor-button-wrapper\">\n\t\t\t\t\t<a class=\"elementor-button elementor-button-link elementor-size-sm\" href=\"https:\/\/taap.it\/Sx0NZ2\">\n\t\t\t\t\t\t<span class=\"elementor-button-content-wrapper\">\n\t\t\t\t\t\t\t\t\t<span class=\"elementor-button-text\">GIOCA A CHICKEN ROAD 2 (OFFERTA BONUS)<\/span>\n\t\t\t\t\t<\/span>\n\t\t\t\t\t<\/a>\n\t\t\t\t<\/div>\n\t\t\t\t\t\t\t\t<\/div>\n\t\t\t\t<\/div>\n\t\t\t\t<div class=\"elementor-element elementor-element-474a8ba elementor-widget elementor-widget-image\" data-id=\"474a8ba\" data-element_type=\"widget\" data-widget_type=\"image.default\">\n\t\t\t\t<div class=\"elementor-widget-container\">\n\t\t\t\t\t\t\t\t\t\t\t\t\t\t\t<img fetchpriority=\"high\" decoding=\"async\" width=\"1366\" height=\"768\" src=\"https:\/\/ceuginegueugnon.com\/wp-content\/uploads\/2025\/05\/img2.png\" class=\"attachment-full size-full wp-image-756\" alt=\"\" srcset=\"https:\/\/ceuginegueugnon.com\/wp-content\/uploads\/2025\/05\/img2.png 1366w, https:\/\/ceuginegueugnon.com\/wp-content\/uploads\/2025\/05\/img2-300x169.png 300w, https:\/\/ceuginegueugnon.com\/wp-content\/uploads\/2025\/05\/img2-1024x576.png 1024w, https:\/\/ceuginegueugnon.com\/wp-content\/uploads\/2025\/05\/img2-768x432.png 768w, https:\/\/ceuginegueugnon.com\/wp-content\/uploads\/2025\/05\/img2-18x10.png 18w\" sizes=\"(max-width: 1366px) 100vw, 1366px\" \/>\t\t\t\t\t\t\t\t\t\t\t\t\t\t\t<\/div>\n\t\t\t\t<\/div>\n\t\t\t\t<div class=\"elementor-element elementor-element-4e4c0a8 elementor-widget elementor-widget-heading\" data-id=\"4e4c0a8\" data-element_type=\"widget\" data-widget_type=\"heading.default\">\n\t\t\t\t<div class=\"elementor-widget-container\">\n\t\t\t\t\t<p class=\"elementor-heading-title elementor-size-default\">Per attirare anche i novizi, Chicken Road propone spesso un <strong>demo gratuita<\/strong>. Questo permette ai nuovi giocatori di familiarizzare con il concetto prima di impegnarsi seriamente. Sedetevi, divertitevi e lasciatevi trasportare da questa avventura divertente e stimolante.<\/p>\t\t\t\t<\/div>\n\t\t\t\t<\/div>\n\t\t\t\t<div class=\"elementor-element elementor-element-9676c2e elementor-widget elementor-widget-heading\" data-id=\"9676c2e\" data-element_type=\"widget\" data-widget_type=\"heading.default\">\n\t\t\t\t<div class=\"elementor-widget-container\">\n\t\t\t\t\t<h3 class=\"elementor-heading-title elementor-size-default\">Le fasi del gioco<\/h3>\t\t\t\t<\/div>\n\t\t\t\t<\/div>\n\t\t\t\t<div class=\"elementor-element elementor-element-aac5250 elementor-widget elementor-widget-text-editor\" data-id=\"aac5250\" data-element_type=\"widget\" data-widget_type=\"text-editor.default\">\n\t\t\t\t<div class=\"elementor-widget-container\">\n\t\t\t\t\t\t\t\t\t<ul>\n  <li>\ud83d\udeb6\u200d\u2642\ufe0f Muovi il pollo: usa le frecce per guidare il tuo pollo, evitare gli ostacoli e raggiungere la fine del percorso.<\/li>\n  <li>\ud83c\udfaf Strategia: pianifica le tue mosse per evitare i pericoli e accumulare <strong>punti aggiuntivi<\/strong>.<\/li>\n  <li>\ud83d\udcb0 Raccogliere: raccogliere il <strong>bonus sparsi<\/strong> sul campo per aumentare il punteggio finale.<\/li>\n<\/ul>\t\t\t\t\t\t\t\t<\/div>\n\t\t\t\t<\/div>\n\t\t\t\t<div class=\"elementor-element elementor-element-cd9ce45 elementor-widget elementor-widget-heading\" data-id=\"cd9ce45\" data-element_type=\"widget\" data-widget_type=\"heading.default\">\n\t\t\t\t<div class=\"elementor-widget-container\">\n\t\t\t\t\t<h3 class=\"elementor-heading-title elementor-size-default\">I potenziali benefici della Chicken Road<\/h3>\t\t\t\t<\/div>\n\t\t\t\t<\/div>\n\t\t\t\t<div class=\"elementor-element elementor-element-05a0199 elementor-widget elementor-widget-heading\" data-id=\"05a0199\" data-element_type=\"widget\" data-widget_type=\"heading.default\">\n\t\t\t\t<div class=\"elementor-widget-container\">\n\t\t\t\t\t<p class=\"elementor-heading-title elementor-size-default\">Non c'\u00e8 bisogno di dire che una delle maggiori attrazioni di <strong>Strada dei polli<\/strong> sta nel suo <strong>guadagni potenziali<\/strong>. A seconda del vostro livello di abilit\u00e0 e di strategia, potrete moltiplicare le vostre scommesse in modo significativo. Grazie alle meccaniche di gioco e alle allettanti tabelle di vincita, ogni vittoria porta con s\u00e9 la propria parte di soddisfazione.<\/p>\t\t\t\t<\/div>\n\t\t\t\t<\/div>\n\t\t\t\t<div class=\"elementor-element elementor-element-ec19338 elementor-widget elementor-widget-heading\" data-id=\"ec19338\" data-element_type=\"widget\" data-widget_type=\"heading.default\">\n\t\t\t\t<div class=\"elementor-widget-container\">\n\t\t\t\t\t<p class=\"elementor-heading-title elementor-size-default\">Le <strong>ritorno al giocatore (RTP)<\/strong> \u00e8 un altro fattore importante da considerare quando si sceglie di tuffarsi nell'azione. Chicken Road offre generalmente una RTP competitiva rispetto ad altri mini-giochi dei casin\u00f2 online. Ci\u00f2 significa che le possibilit\u00e0 di recuperare una parte significativa del vostro investimento sono relativamente alte.<\/p>\t\t\t\t<\/div>\n\t\t\t\t<\/div>\n\t\t\t\t<div class=\"elementor-element elementor-element-193d312 elementor-align-center elementor-widget elementor-widget-button\" data-id=\"193d312\" data-element_type=\"widget\" data-widget_type=\"button.default\">\n\t\t\t\t<div class=\"elementor-widget-container\">\n\t\t\t\t\t\t\t\t\t<div class=\"elementor-button-wrapper\">\n\t\t\t\t\t<a class=\"elementor-button elementor-button-link elementor-size-sm\" href=\"https:\/\/taap.it\/Sx0NZ2\">\n\t\t\t\t\t\t<span class=\"elementor-button-content-wrapper\">\n\t\t\t\t\t\t\t\t\t<span class=\"elementor-button-text\">BONUS STRADA DEI POLLI 2<\/span>\n\t\t\t\t\t<\/span>\n\t\t\t\t\t<\/a>\n\t\t\t\t<\/div>\n\t\t\t\t\t\t\t\t<\/div>\n\t\t\t\t<\/div>\n\t\t\t\t<div class=\"elementor-element elementor-element-4712ee5 elementor-widget elementor-widget-heading\" data-id=\"4712ee5\" data-element_type=\"widget\" data-widget_type=\"heading.default\">\n\t\t\t\t<div class=\"elementor-widget-container\">\n\t\t\t\t\t<h3 class=\"elementor-heading-title elementor-size-default\">Ottimizzare le possibilit\u00e0 di vincita<\/h3>\t\t\t\t<\/div>\n\t\t\t\t<\/div>\n\t\t\t\t<div class=\"elementor-element elementor-element-a7d94bc elementor-widget elementor-widget-heading\" data-id=\"a7d94bc\" data-element_type=\"widget\" data-widget_type=\"heading.default\">\n\t\t\t\t<div class=\"elementor-widget-container\">\n\t\t\t\t\t<p class=\"elementor-heading-title elementor-size-default\">Alcuni suggerimenti possono aumentare le possibilit\u00e0 di successo:<\/p>\t\t\t\t<\/div>\n\t\t\t\t<\/div>\n\t\t\t\t<div class=\"elementor-element elementor-element-79f7974 elementor-widget elementor-widget-text-editor\" data-id=\"79f7974\" data-element_type=\"widget\" data-widget_type=\"text-editor.default\">\n\t\t\t\t<div class=\"elementor-widget-container\">\n\t\t\t\t\t\t\t\t\t<ul>\n  <li>\ud83e\udde0 Capire il ritmo: tenete d'occhio la velocit\u00e0 e gli schemi degli ostacoli per anticipare i movimenti.<\/li>\n  <li>\ud83d\udd0d Analisi: prendetevi un momento per analizzare ogni livello prima di fare le prime mosse.<\/li>\n  <li>\ud83c\udfc6 Approfittate di <strong>bonus<\/strong> Utilizzate i premi guadagnati lungo il percorso per migliorare il vostro punteggio finale.<\/li>\n<\/ul>\t\t\t\t\t\t\t\t<\/div>\n\t\t\t\t<\/div>\n\t\t\t\t<div class=\"elementor-element elementor-element-ab237a5 elementor-widget elementor-widget-heading\" data-id=\"ab237a5\" data-element_type=\"widget\" data-widget_type=\"heading.default\">\n\t\t\t\t<div class=\"elementor-widget-container\">\n\t\t\t\t\t<h2 class=\"elementor-heading-title elementor-size-default\">L'impatto dei social network su Chicken Road<\/h2>\t\t\t\t<\/div>\n\t\t\t\t<\/div>\n\t\t\t\t<div class=\"elementor-element elementor-element-d061669 elementor-widget elementor-widget-heading\" data-id=\"d061669\" data-element_type=\"widget\" data-widget_type=\"heading.default\">\n\t\t\t\t<div class=\"elementor-widget-container\">\n\t\t\t\t\t<p class=\"elementor-heading-title elementor-size-default\">In un mondo sempre pi\u00f9 connesso <strong>reti sociali<\/strong> stanno giocando un ruolo cruciale nella crescente popolarit\u00e0 di <strong>Strada dei polli<\/strong>. Piattaforme come Instagram e Facebook permettono ai giocatori di condividere i loro punteggi, creando una dinamica stimolante tra amici o all'interno di comunit\u00e0 dedicate.<\/p>\t\t\t\t<\/div>\n\t\t\t\t<\/div>\n\t\t\t\t<div class=\"elementor-element elementor-element-6bcfe78 elementor-widget elementor-widget-heading\" data-id=\"6bcfe78\" data-element_type=\"widget\" data-widget_type=\"heading.default\">\n\t\t\t\t<div class=\"elementor-widget-container\">\n\t\t\t\t\t<p class=\"elementor-heading-title elementor-size-default\">Inoltre, molti <strong>casin\u00f2 online<\/strong> offrono concorsi speciali accessibili tramite le loro pagine sociali. Questi eventi possono includere bonus esclusivi per Chicken Road, incoraggiando i giocatori a partecipare ancora di pi\u00f9 e a tornare regolarmente per tentare la fortuna.<\/p>\t\t\t\t<\/div>\n\t\t\t\t<\/div>\n\t\t\t\t<div class=\"elementor-element elementor-element-3a73ac1 elementor-widget elementor-widget-image\" data-id=\"3a73ac1\" data-element_type=\"widget\" data-widget_type=\"image.default\">\n\t\t\t\t<div class=\"elementor-widget-container\">\n\t\t\t\t\t\t\t\t\t\t\t\t\t\t\t<img decoding=\"async\" src=\"https:\/\/ceuginegueugnon.com\/wp-content\/uploads\/2025\/05\/img5.png\" title=\"\" alt=\"\" loading=\"lazy\" \/>\t\t\t\t\t\t\t\t\t\t\t\t\t\t\t<\/div>\n\t\t\t\t<\/div>\n\t\t\t\t<div class=\"elementor-element elementor-element-b9e4326 elementor-widget elementor-widget-heading\" data-id=\"b9e4326\" data-element_type=\"widget\" data-widget_type=\"heading.default\">\n\t\t\t\t<div class=\"elementor-widget-container\">\n\t\t\t\t\t<h3 class=\"elementor-heading-title elementor-size-default\">Cosa rappresenta il concetto di RTP in Chicken Road?<\/h3>\t\t\t\t<\/div>\n\t\t\t\t<\/div>\n\t\t\t\t<div class=\"elementor-element elementor-element-2d39563 elementor-widget elementor-widget-heading\" data-id=\"2d39563\" data-element_type=\"widget\" data-widget_type=\"heading.default\">\n\t\t\t\t<div class=\"elementor-widget-container\">\n\t\t\t\t\t<p class=\"elementor-heading-title elementor-size-default\">Comprendere il concetto di <strong>RTP<\/strong> \u00e8 fondamentale per chiunque voglia massimizzare le proprie possibilit\u00e0 in qualsiasi gioco d'azzardo, e Chicken Road non fa eccezione. L'RTP, o Tasso di Ritorno al Giocatore, \u00e8 una statistica fondamentale che indica la quantit\u00e0 teorica di denaro che ci si pu\u00f2 aspettare di vincere nel tempo giocando.<\/p>\t\t\t\t<\/div>\n\t\t\t\t<\/div>\n\t\t\t\t<div class=\"elementor-element elementor-element-fec6fab elementor-widget elementor-widget-heading\" data-id=\"fec6fab\" data-element_type=\"widget\" data-widget_type=\"heading.default\">\n\t\t\t\t<div class=\"elementor-widget-container\">\n\t\t\t\t\t<p class=\"elementor-heading-title elementor-size-default\">In <strong>Strada dei polli<\/strong>L'RTP medio si aggira su valori molto interessanti, incoraggiando i partecipanti a prendere parte all'avventura e a esplorare ogni angolo di questo gioco accattivante.<\/p>\t\t\t\t<\/div>\n\t\t\t\t<\/div>\n\t\t\t\t<div class=\"elementor-element elementor-element-1132311 elementor-widget elementor-widget-text-editor\" data-id=\"1132311\" data-element_type=\"widget\" data-widget_type=\"text-editor.default\">\n\t\t\t\t<div class=\"elementor-widget-container\">\n\t\t\t\t\t\t\t\t\t<table>\n<tr>\n  <th>\ud83d\udd0e Esempio<\/th>\n  <th>\ud83c\udf1f Percentuale RTP<\/th>\n<\/tr>\n<tr>\n  <td>Classico gioco di puzzle<\/td>\n  <td>85%<\/td>\n<\/tr>\n<tr>\n  <td>Speciale Pollo di Strada<\/td>\n  <td>92%<\/td>\n<\/tr>\n<\/table>\n\t\t\t\t\t\t\t\t<\/div>\n\t\t\t\t<\/div>\n\t\t\t\t<div class=\"elementor-element elementor-element-7ef4d4c elementor-widget elementor-widget-image\" data-id=\"7ef4d4c\" data-element_type=\"widget\" data-widget_type=\"image.default\">\n\t\t\t\t<div class=\"elementor-widget-container\">\n\t\t\t\t\t\t\t\t\t\t\t\t\t\t\t<img decoding=\"async\" src=\"https:\/\/ceuginegueugnon.com\/wp-content\/uploads\/2025\/05\/img4.png\" title=\"\" alt=\"\" loading=\"lazy\" \/>\t\t\t\t\t\t\t\t\t\t\t\t\t\t\t<\/div>\n\t\t\t\t<\/div>\n\t\t\t\t<div class=\"elementor-element elementor-element-495f19c elementor-widget elementor-widget-text-editor\" data-id=\"495f19c\" data-element_type=\"widget\" data-widget_type=\"text-editor.default\">\n\t\t\t\t<div class=\"elementor-widget-container\">\n\t\t\t\t\t\t\t\t\t<h2>Domande frequenti su Chicken Road e le sue caratteristiche specifiche<\/h2>\n<div itemscope itemtype=\"https:\/\/schema.org\/FAQPage\">\n  <div itemprop=\"mainEntity\" itemscope itemtype=\"https:\/\/schema.org\/Question\">\n    <h3 itemprop=\"name\">Quali dispositivi posso utilizzare per giocare a Chicken Road?<\/h3>\n    <div itemprop=\"acceptedAnswer\" itemscope itemtype=\"https:\/\/schema.org\/Answer\">\n      <p itemprop=\"text\">\u00c8 possibile giocare <strong>Strada dei polli<\/strong> su pi\u00f9 dispositivi come computer, tablet e smartphone. Questo significa che potrete vivere l'esperienza dell'intrepido pollo ovunque vi troviate.<\/p>\n    <\/div>\n  <\/div>\n  <div itemprop=\"mainEntity\" itemscope itemtype=\"https:\/\/schema.org\/Question\">\n    <h3 itemprop=\"name\">Devo scaricare qualcosa per giocare?<\/h3>\n    <div itemprop=\"acceptedAnswer\" itemscope itemtype=\"https:\/\/schema.org\/Answer\">\n      <p itemprop=\"text\">No, non c'\u00e8 nulla da scaricare. Chicken Road \u00e8 accessibile direttamente dal vostro browser preferito. \u00c8 sufficiente lanciare il gioco e partire! Un piccolo consiglio: assicuratevi che la vostra connessione a Internet sia stabile per evitare interruzioni impreviste.<\/p>\n    <\/div>\n  <\/div>\n  <div itemprop=\"mainEntity\" itemscope itemtype=\"https:\/\/schema.org\/Question\">\n    <h3 itemprop=\"name\">Quali tipi di bonus sono disponibili in Chicken Road?<\/h3>\n    <div itemprop=\"acceptedAnswer\" itemscope itemtype=\"https:\/\/schema.org\/Answer\">\n      <p itemprop=\"text\">Esistono vari <strong>bonus<\/strong> in Chicken Road. \u00c8 possibile ricevere moltiplicatori di vincita, vite extra o persino acceleratori per andare pi\u00f9 veloce. Questi vantaggi rendono ogni sessione di gioco ancora pi\u00f9 emozionante.<\/p>\n    <\/div>\n  <\/div>\n  <div itemprop=\"mainEntity\" itemscope itemtype=\"https:\/\/schema.org\/Question\">\n    <h3 itemprop=\"name\">Posso provare Chicken Road gratuitamente?<\/h3>\n    <div itemprop=\"acceptedAnswer\" itemscope itemtype=\"https:\/\/schema.org\/Answer\">\n      <p itemprop=\"text\">Assolutamente! Molte piattaforme offrono una versione di <strong>demo gratuita<\/strong> di Chicken Road. Questo permette di testare il gioco prima di decidere di scommettere denaro reale, perfetto per coloro che vogliono prima capire le regole.<\/p>\n    <\/div>\n  <\/div>\n<\/div>\t\t\t\t\t\t\t\t<\/div>\n\t\t\t\t<\/div>\n\t\t\t\t<div class=\"elementor-element elementor-element-1af760f elementor-widget elementor-widget-image\" data-id=\"1af760f\" data-element_type=\"widget\" data-widget_type=\"image.default\">\n\t\t\t\t<div class=\"elementor-widget-container\">\n\t\t\t\t\t\t\t\t\t\t\t\t\t\t\t<img decoding=\"async\" src=\"https:\/\/ceuginegueugnon.com\/wp-content\/uploads\/2025\/05\/img3-2.png\" title=\"\" alt=\"\" loading=\"lazy\" \/>\t\t\t\t\t\t\t\t\t\t\t\t\t\t\t<\/div>\n\t\t\t\t<\/div>\n\t\t\t\t\t<\/div>\n\t\t<\/div>\n\t\t\t\t\t<\/div>\n\t\t<\/section>\n\t\t\t\t<\/div>","protected":false},"excerpt":{"rendered":"<p>Chicken Road \u1409 Jeu en ligne du poulet pour gagner de l\u2019argent au casino JOUER \u00c0 CHICKEN ROAD 2 Chicken [&hellip;]<\/p>","protected":false},"author":2,"featured_media":0,"parent":0,"menu_order":0,"comment_status":"closed","ping_status":"closed","template":"elementor_header_footer","meta":{"site-sidebar-layout":"no-sidebar","site-content-layout":"","ast-site-content-layout":"full-width-container","site-content-style":"default","site-sidebar-style":"default","ast-global-header-display":"","ast-banner-title-visibility":"","ast-main-header-display":"","ast-hfb-above-header-display":"","ast-hfb-below-header-display":"","ast-hfb-mobile-header-display":"","site-post-title":"disabled","ast-breadcrumbs-content":"","ast-featured-img":"disabled","footer-sml-layout":"","theme-transparent-header-meta":"default","adv-header-id-meta":"","stick-header-meta":"","header-above-stick-meta":"","header-main-stick-meta":"","header-below-stick-meta":"","astra-migrate-meta-layouts":"set","ast-page-background-enabled":"default","ast-page-background-meta":{"desktop":{"background-color":"var(--ast-global-color-5)","background-image":"","background-repeat":"repeat","background-position":"center center","background-size":"auto","background-attachment":"scroll","background-type":"","background-media":"","overlay-type":"","overlay-color":"","overlay-opacity":"","overlay-gradient":""},"tablet":{"background-color":"","background-image":"","background-repeat":"repeat","background-position":"center center","background-size":"auto","background-attachment":"scroll","background-type":"","background-media":"","overlay-type":"","overlay-color":"","overlay-opacity":"","overlay-gradient":""},"mobile":{"background-color":"","background-image":"","background-repeat":"repeat","background-position":"center center","background-size":"auto","background-attachment":"scroll","background-type":"","background-media":"","overlay-type":"","overlay-color":"","overlay-opacity":"","overlay-gradient":""}},"ast-content-background-meta":{"desktop":{"background-color":"var(--ast-global-color-4)","background-image":"","background-repeat":"repeat","background-position":"center center","background-size":"auto","background-attachment":"scroll","background-type":"","background-media":"","overlay-type":"","overlay-color":"","overlay-opacity":"","overlay-gradient":""},"tablet":{"background-color":"var(--ast-global-color-4)","background-image":"","background-repeat":"repeat","background-position":"center center","background-size":"auto","background-attachment":"scroll","background-type":"","background-media":"","overlay-type":"","overlay-color":"","overlay-opacity":"","overlay-gradient":""},"mobile":{"background-color":"var(--ast-global-color-4)","background-image":"","background-repeat":"repeat","background-position":"center center","background-size":"auto","background-attachment":"scroll","background-type":"","background-media":"","overlay-type":"","overlay-color":"","overlay-opacity":"","overlay-gradient":""}},"footnotes":""},"class_list":["post-712","page","type-page","status-publish","hentry"],"_links":{"self":[{"href":"https:\/\/ceuginegueugnon.com\/it\/wp-json\/wp\/v2\/pages\/712","targetHints":{"allow":["GET"]}}],"collection":[{"href":"https:\/\/ceuginegueugnon.com\/it\/wp-json\/wp\/v2\/pages"}],"about":[{"href":"https:\/\/ceuginegueugnon.com\/it\/wp-json\/wp\/v2\/types\/page"}],"author":[{"embeddable":true,"href":"https:\/\/ceuginegueugnon.com\/it\/wp-json\/wp\/v2\/users\/2"}],"replies":[{"embeddable":true,"href":"https:\/\/ceuginegueugnon.com\/it\/wp-json\/wp\/v2\/comments?post=712"}],"version-history":[{"count":136,"href":"https:\/\/ceuginegueugnon.com\/it\/wp-json\/wp\/v2\/pages\/712\/revisions"}],"predecessor-version":[{"id":861,"href":"https:\/\/ceuginegueugnon.com\/it\/wp-json\/wp\/v2\/pages\/712\/revisions\/861"}],"wp:attachment":[{"href":"https:\/\/ceuginegueugnon.com\/it\/wp-json\/wp\/v2\/media?parent=712"}],"curies":[{"name":"wp","href":"https:\/\/api.w.org\/{rel}","templated":true}]}}