{"id":712,"date":"2025-05-07T08:09:11","date_gmt":"2025-05-07T08:09:11","guid":{"rendered":"https:\/\/ceuginegueugnon.com\/?page_id=712"},"modified":"2025-05-07T23:38:24","modified_gmt":"2025-05-07T23:38:24","slug":"home","status":"publish","type":"page","link":"https:\/\/ceuginegueugnon.com\/es\/","title":{"rendered":"Inicio"},"content":{"rendered":"<div data-elementor-type=\"wp-page\" data-elementor-id=\"712\" class=\"elementor elementor-712\" data-elementor-post-type=\"page\">\n\t\t\t\t\t\t<section class=\"elementor-section elementor-top-section elementor-element elementor-element-168c704 elementor-section-boxed elementor-section-height-default elementor-section-height-default\" data-id=\"168c704\" data-element_type=\"section\">\n\t\t\t\t\t\t<div class=\"elementor-container elementor-column-gap-default\">\n\t\t\t\t\t<div class=\"elementor-column elementor-col-100 elementor-top-column elementor-element elementor-element-445fee0\" data-id=\"445fee0\" data-element_type=\"column\">\n\t\t\t<div class=\"elementor-widget-wrap elementor-element-populated\">\n\t\t\t\t\t\t<div class=\"elementor-element elementor-element-d6ffa0b elementor-widget elementor-widget-heading\" data-id=\"d6ffa0b\" data-element_type=\"widget\" data-widget_type=\"heading.default\">\n\t\t\t\t<div class=\"elementor-widget-container\">\n\t\t\t\t\t<h2 class=\"elementor-heading-title elementor-size-default\">Chicken Road \u1409 Juego online de pollo para ganar dinero en el casino.\n<\/h2>\t\t\t\t<\/div>\n\t\t\t\t<\/div>\n\t\t\t\t<div class=\"elementor-element elementor-element-4dbf589 elementor-align-center elementor-widget elementor-widget-button\" data-id=\"4dbf589\" data-element_type=\"widget\" data-widget_type=\"button.default\">\n\t\t\t\t<div class=\"elementor-widget-container\">\n\t\t\t\t\t\t\t\t\t<div class=\"elementor-button-wrapper\">\n\t\t\t\t\t<a class=\"elementor-button elementor-button-link elementor-size-sm\" href=\"https:\/\/taap.it\/Sx0NZ2\">\n\t\t\t\t\t\t<span class=\"elementor-button-content-wrapper\">\n\t\t\t\t\t\t\t\t\t<span class=\"elementor-button-text\">JUGAR A CHICKEN ROAD 2<\/span>\n\t\t\t\t\t<\/span>\n\t\t\t\t\t<\/a>\n\t\t\t\t<\/div>\n\t\t\t\t\t\t\t\t<\/div>\n\t\t\t\t<\/div>\n\t\t\t\t<div class=\"elementor-element elementor-element-a8da9a1 elementor-widget elementor-widget-html\" data-id=\"a8da9a1\" data-element_type=\"widget\" data-widget_type=\"html.default\">\n\t\t\t\t<div class=\"elementor-widget-container\">\n\t\t\t\t\t<iframe src=\"https:\/\/demo.inout.games\/games-view\/games\/game\/?authToken=789ac55e-6fb5-4496-a438-cca4db3313e1&operatorId=ee2013ed-e1f0-4d6e-97d2-f36619e2eb52&gameMode=chicken-road-two&isDemo=MTc0NjU5MzEwNTk1Ng%3D%3D&currency=USD&lang=en\" \n  height=\"700\"><\/iframe>\t\t\t\t<\/div>\n\t\t\t\t<\/div>\n\t\t\t\t<div class=\"elementor-element elementor-element-54adcb9 elementor-widget elementor-widget-heading\" data-id=\"54adcb9\" data-element_type=\"widget\" data-widget_type=\"heading.default\">\n\t\t\t\t<div class=\"elementor-widget-container\">\n\t\t\t\t\t<h1 class=\"elementor-heading-title elementor-size-default\">Chicken Road: juego online del pollo para ganar dinero en el casino<\/h1>\t\t\t\t<\/div>\n\t\t\t\t<\/div>\n\t\t\t\t<div class=\"elementor-element elementor-element-781c468 elementor-widget elementor-widget-heading\" data-id=\"781c468\" data-element_type=\"widget\" data-widget_type=\"heading.default\">\n\t\t\t\t<div class=\"elementor-widget-container\">\n\t\t\t\t\t<p class=\"elementor-heading-title elementor-size-default\">\u00bfHa o\u00eddo hablar alguna vez de <strong>Carretera de los pollos<\/strong> ? Es un <strong>juego<\/strong> donde el objetivo es tan simple como cautivador: guiar a un pollo a trav\u00e9s de una serie de retos para ganar potencialmente <strong>ingresos atractivos<\/strong>. Este minijuego destaca en el mundo del <strong>casino en l\u00ednea<\/strong> con su concepto innovador y su f\u00e1cil acceso, que atrae cada d\u00eda a muchos jugadores.<\/p>\t\t\t\t<\/div>\n\t\t\t\t<\/div>\n\t\t\t\t<div class=\"elementor-element elementor-element-8dfe924 elementor-widget elementor-widget-heading\" data-id=\"8dfe924\" data-element_type=\"widget\" data-widget_type=\"heading.default\">\n\t\t\t\t<div class=\"elementor-widget-container\">\n\t\t\t\t\t<p class=\"elementor-heading-title elementor-size-default\">El \u00e9xito de Chicken Road se basa en una sabrosa receta que combina sencillez, diversi\u00f3n y la posibilidad de <strong>ganar a lo grande<\/strong>. Con una mec\u00e1nica de juego que recuerda a los famosos juegos de rompecabezas, Chicken Road moderniza la experiencia tradicional de entretenimiento en l\u00ednea a la vez que incorpora la canciller\u00eda del juego. \u00bfIntrigado por este c\u00f3ctel \u00fanico? Sumerj\u00e1monos en el apasionante mundo del pollo aventurero y descubramos qu\u00e9 lo hace tan especial.<\/p>\t\t\t\t<\/div>\n\t\t\t\t<\/div>\n\t\t\t\t<div class=\"elementor-element elementor-element-5f0eb06 elementor-widget elementor-widget-heading\" data-id=\"5f0eb06\" data-element_type=\"widget\" data-widget_type=\"heading.default\">\n\t\t\t\t<div class=\"elementor-widget-container\">\n\t\t\t\t\t<h2 class=\"elementor-heading-title elementor-size-default\">C\u00f3mo jugar a Chicken Road<\/h2>\t\t\t\t<\/div>\n\t\t\t\t<\/div>\n\t\t\t\t<div class=\"elementor-element elementor-element-79375ef elementor-widget elementor-widget-heading\" data-id=\"79375ef\" data-element_type=\"widget\" data-widget_type=\"heading.default\">\n\t\t\t\t<div class=\"elementor-widget-container\">\n\t\t\t\t\t<p class=\"elementor-heading-title elementor-size-default\">o a <strong>Carretera de los pollos<\/strong> es un juego de ni\u00f1os. El principio es sencillo: ayuda a tu gallina a atravesar una serie de rutas complicadas. Cada movimiento cuenta, y una estrategia bien pensada puede ser la clave para maximizar tus posibilidades de ganar. <strong>ingresos potenciales<\/strong>. Pero \u00a1cuidado! Las trampas est\u00e1n por todas partes y requieren mucha reflexi\u00f3n, lo que hace que cada partida sea \u00fanica.<\/p>\t\t\t\t<\/div>\n\t\t\t\t<\/div>\n\t\t\t\t<div class=\"elementor-element elementor-element-e88a37f elementor-align-center elementor-widget elementor-widget-button\" data-id=\"e88a37f\" data-element_type=\"widget\" data-widget_type=\"button.default\">\n\t\t\t\t<div class=\"elementor-widget-container\">\n\t\t\t\t\t\t\t\t\t<div class=\"elementor-button-wrapper\">\n\t\t\t\t\t<a class=\"elementor-button elementor-button-link elementor-size-sm\" href=\"https:\/\/taap.it\/Sx0NZ2\">\n\t\t\t\t\t\t<span class=\"elementor-button-content-wrapper\">\n\t\t\t\t\t\t\t\t\t<span class=\"elementor-button-text\">JUEGA A CHICKEN ROAD 2 (OFERTA DE BONIFICACI\u00d3N)<\/span>\n\t\t\t\t\t<\/span>\n\t\t\t\t\t<\/a>\n\t\t\t\t<\/div>\n\t\t\t\t\t\t\t\t<\/div>\n\t\t\t\t<\/div>\n\t\t\t\t<div class=\"elementor-element elementor-element-474a8ba elementor-widget elementor-widget-image\" data-id=\"474a8ba\" data-element_type=\"widget\" data-widget_type=\"image.default\">\n\t\t\t\t<div class=\"elementor-widget-container\">\n\t\t\t\t\t\t\t\t\t\t\t\t\t\t\t<img fetchpriority=\"high\" decoding=\"async\" width=\"1366\" height=\"768\" src=\"https:\/\/ceuginegueugnon.com\/wp-content\/uploads\/2025\/05\/img2.png\" class=\"attachment-full size-full wp-image-756\" alt=\"\" srcset=\"https:\/\/ceuginegueugnon.com\/wp-content\/uploads\/2025\/05\/img2.png 1366w, https:\/\/ceuginegueugnon.com\/wp-content\/uploads\/2025\/05\/img2-300x169.png 300w, https:\/\/ceuginegueugnon.com\/wp-content\/uploads\/2025\/05\/img2-1024x576.png 1024w, https:\/\/ceuginegueugnon.com\/wp-content\/uploads\/2025\/05\/img2-768x432.png 768w, https:\/\/ceuginegueugnon.com\/wp-content\/uploads\/2025\/05\/img2-18x10.png 18w\" sizes=\"(max-width: 1366px) 100vw, 1366px\" \/>\t\t\t\t\t\t\t\t\t\t\t\t\t\t\t<\/div>\n\t\t\t\t<\/div>\n\t\t\t\t<div class=\"elementor-element elementor-element-4e4c0a8 elementor-widget elementor-widget-heading\" data-id=\"4e4c0a8\" data-element_type=\"widget\" data-widget_type=\"heading.default\">\n\t\t\t\t<div class=\"elementor-widget-container\">\n\t\t\t\t\t<p class=\"elementor-heading-title elementor-size-default\">Para atraer incluso a los principiantes, Chicken Road ofrece a menudo un <strong>demostraci\u00f3n gratuita<\/strong>. Esto permite a los nuevos jugadores familiarizarse con el concepto antes de comprometerse m\u00e1s seriamente. Si\u00e9ntate, disfruta y d\u00e9jate llevar por esta divertida y estimulante aventura.<\/p>\t\t\t\t<\/div>\n\t\t\t\t<\/div>\n\t\t\t\t<div class=\"elementor-element elementor-element-9676c2e elementor-widget elementor-widget-heading\" data-id=\"9676c2e\" data-element_type=\"widget\" data-widget_type=\"heading.default\">\n\t\t\t\t<div class=\"elementor-widget-container\">\n\t\t\t\t\t<h3 class=\"elementor-heading-title elementor-size-default\">Las fases del juego<\/h3>\t\t\t\t<\/div>\n\t\t\t\t<\/div>\n\t\t\t\t<div class=\"elementor-element elementor-element-aac5250 elementor-widget elementor-widget-text-editor\" data-id=\"aac5250\" data-element_type=\"widget\" data-widget_type=\"text-editor.default\">\n\t\t\t\t<div class=\"elementor-widget-container\">\n\t\t\t\t\t\t\t\t\t<ul>\n  <li>\ud83d\udeb6\u200d\u2642\ufe0f Mueve el pollo: Usa las flechas para guiar a tu pollo, evitar los obst\u00e1culos y llegar al final del recorrido.<\/li>\n  <li>\ud83c\udfaf Estrategia: Planifica tus movimientos para evitar peligros y acumular <strong>puntos adicionales<\/strong>.<\/li>\n  <li>\ud83d\udcb0 Recoger: Recoger el <strong>bonificaciones dispersas<\/strong> en el campo para aumentar tu puntuaci\u00f3n final.<\/li>\n<\/ul>\t\t\t\t\t\t\t\t<\/div>\n\t\t\t\t<\/div>\n\t\t\t\t<div class=\"elementor-element elementor-element-cd9ce45 elementor-widget elementor-widget-heading\" data-id=\"cd9ce45\" data-element_type=\"widget\" data-widget_type=\"heading.default\">\n\t\t\t\t<div class=\"elementor-widget-container\">\n\t\t\t\t\t<h3 class=\"elementor-heading-title elementor-size-default\">Ganancias potenciales de Chicken Road<\/h3>\t\t\t\t<\/div>\n\t\t\t\t<\/div>\n\t\t\t\t<div class=\"elementor-element elementor-element-05a0199 elementor-widget elementor-widget-heading\" data-id=\"05a0199\" data-element_type=\"widget\" data-widget_type=\"heading.default\">\n\t\t\t\t<div class=\"elementor-widget-container\">\n\t\t\t\t\t<p class=\"elementor-heading-title elementor-size-default\">Ni que decir tiene que uno de los mayores atractivos de <strong>Carretera de los pollos<\/strong> radica en su <strong>ingresos potenciales<\/strong>. Dependiendo de tu nivel de habilidad y estrategia, podr\u00e1s multiplicar tus apuestas de forma significativa. Gracias a la mec\u00e1nica gamificada y a las tentadoras tablas de ganancias, cada victoria conlleva su propia cuota de satisfacci\u00f3n.<\/p>\t\t\t\t<\/div>\n\t\t\t\t<\/div>\n\t\t\t\t<div class=\"elementor-element elementor-element-ec19338 elementor-widget elementor-widget-heading\" data-id=\"ec19338\" data-element_type=\"widget\" data-widget_type=\"heading.default\">\n\t\t\t\t<div class=\"elementor-widget-container\">\n\t\t\t\t\t<p class=\"elementor-heading-title elementor-size-default\">Le <strong>retorno al jugador (RTP)<\/strong> tambi\u00e9n es un factor importante a tener en cuenta a la hora de decidirse a sumergirse en la acci\u00f3n. Chicken Road suele ofrecer un RTP competitivo en comparaci\u00f3n con otros minijuegos de casino online. Esto significa que tus posibilidades de recuperar una parte significativa de tu inversi\u00f3n son relativamente altas.<\/p>\t\t\t\t<\/div>\n\t\t\t\t<\/div>\n\t\t\t\t<div class=\"elementor-element elementor-element-193d312 elementor-align-center elementor-widget elementor-widget-button\" data-id=\"193d312\" data-element_type=\"widget\" data-widget_type=\"button.default\">\n\t\t\t\t<div class=\"elementor-widget-container\">\n\t\t\t\t\t\t\t\t\t<div class=\"elementor-button-wrapper\">\n\t\t\t\t\t<a class=\"elementor-button elementor-button-link elementor-size-sm\" href=\"https:\/\/taap.it\/Sx0NZ2\">\n\t\t\t\t\t\t<span class=\"elementor-button-content-wrapper\">\n\t\t\t\t\t\t\t\t\t<span class=\"elementor-button-text\">BONUS POLLO CARRETERA 2<\/span>\n\t\t\t\t\t<\/span>\n\t\t\t\t\t<\/a>\n\t\t\t\t<\/div>\n\t\t\t\t\t\t\t\t<\/div>\n\t\t\t\t<\/div>\n\t\t\t\t<div class=\"elementor-element elementor-element-4712ee5 elementor-widget elementor-widget-heading\" data-id=\"4712ee5\" data-element_type=\"widget\" data-widget_type=\"heading.default\">\n\t\t\t\t<div class=\"elementor-widget-container\">\n\t\t\t\t\t<h3 class=\"elementor-heading-title elementor-size-default\">Optimice sus posibilidades de ganar<\/h3>\t\t\t\t<\/div>\n\t\t\t\t<\/div>\n\t\t\t\t<div class=\"elementor-element elementor-element-a7d94bc elementor-widget elementor-widget-heading\" data-id=\"a7d94bc\" data-element_type=\"widget\" data-widget_type=\"heading.default\">\n\t\t\t\t<div class=\"elementor-widget-container\">\n\t\t\t\t\t<p class=\"elementor-heading-title elementor-size-default\">Algunos consejos pueden aumentar sus posibilidades de \u00e9xito:<\/p>\t\t\t\t<\/div>\n\t\t\t\t<\/div>\n\t\t\t\t<div class=\"elementor-element elementor-element-79f7974 elementor-widget elementor-widget-text-editor\" data-id=\"79f7974\" data-element_type=\"widget\" data-widget_type=\"text-editor.default\">\n\t\t\t\t<div class=\"elementor-widget-container\">\n\t\t\t\t\t\t\t\t\t<ul>\n  <li>\ud83e\udde0 Entender el ritmo: Vigila de cerca la velocidad y los patrones de los obst\u00e1culos para anticiparte a los movimientos.<\/li>\n  <li>\ud83d\udd0d An\u00e1lisis: T\u00f3mate un momento para analizar cada nivel antes de hacer tus primeros movimientos.<\/li>\n  <li>\ud83c\udfc6 Aprovecha <strong>bonificaci\u00f3n<\/strong> Utiliza las recompensas que ganes por el camino para mejorar tu puntuaci\u00f3n final.<\/li>\n<\/ul>\t\t\t\t\t\t\t\t<\/div>\n\t\t\t\t<\/div>\n\t\t\t\t<div class=\"elementor-element elementor-element-ab237a5 elementor-widget elementor-widget-heading\" data-id=\"ab237a5\" data-element_type=\"widget\" data-widget_type=\"heading.default\">\n\t\t\t\t<div class=\"elementor-widget-container\">\n\t\t\t\t\t<h2 class=\"elementor-heading-title elementor-size-default\">El impacto de las redes sociales en Chicken Road<\/h2>\t\t\t\t<\/div>\n\t\t\t\t<\/div>\n\t\t\t\t<div class=\"elementor-element elementor-element-d061669 elementor-widget elementor-widget-heading\" data-id=\"d061669\" data-element_type=\"widget\" data-widget_type=\"heading.default\">\n\t\t\t\t<div class=\"elementor-widget-container\">\n\t\t\t\t\t<p class=\"elementor-heading-title elementor-size-default\">En un mundo cada vez m\u00e1s conectado <strong>redes sociales<\/strong> est\u00e1n desempe\u00f1ando un papel crucial en la creciente popularidad del <strong>Carretera de los pollos<\/strong>. Plataformas como Instagram y Facebook permiten a los jugadores compartir sus puntuaciones, creando una din\u00e1mica estimulante entre amigos o dentro de comunidades especializadas.<\/p>\t\t\t\t<\/div>\n\t\t\t\t<\/div>\n\t\t\t\t<div class=\"elementor-element elementor-element-6bcfe78 elementor-widget elementor-widget-heading\" data-id=\"6bcfe78\" data-element_type=\"widget\" data-widget_type=\"heading.default\">\n\t\t\t\t<div class=\"elementor-widget-container\">\n\t\t\t\t\t<p class=\"elementor-heading-title elementor-size-default\">Adem\u00e1s, muchos <strong>casinos en l\u00ednea<\/strong> ofrecen concursos especiales accesibles a trav\u00e9s de sus p\u00e1ginas sociales. Estos eventos pueden incluir bonificaciones exclusivas para Chicken Road, animando a los jugadores a participar m\u00e1s y a volver con regularidad para probar suerte.<\/p>\t\t\t\t<\/div>\n\t\t\t\t<\/div>\n\t\t\t\t<div class=\"elementor-element elementor-element-3a73ac1 elementor-widget elementor-widget-image\" data-id=\"3a73ac1\" data-element_type=\"widget\" data-widget_type=\"image.default\">\n\t\t\t\t<div class=\"elementor-widget-container\">\n\t\t\t\t\t\t\t\t\t\t\t\t\t\t\t<img decoding=\"async\" src=\"https:\/\/ceuginegueugnon.com\/wp-content\/uploads\/2025\/05\/img5.png\" title=\"\" alt=\"\" loading=\"lazy\" \/>\t\t\t\t\t\t\t\t\t\t\t\t\t\t\t<\/div>\n\t\t\t\t<\/div>\n\t\t\t\t<div class=\"elementor-element elementor-element-b9e4326 elementor-widget elementor-widget-heading\" data-id=\"b9e4326\" data-element_type=\"widget\" data-widget_type=\"heading.default\">\n\t\t\t\t<div class=\"elementor-widget-container\">\n\t\t\t\t\t<h3 class=\"elementor-heading-title elementor-size-default\">\u00bfQu\u00e9 representa el concepto de RTP en Chicken Road?<\/h3>\t\t\t\t<\/div>\n\t\t\t\t<\/div>\n\t\t\t\t<div class=\"elementor-element elementor-element-2d39563 elementor-widget elementor-widget-heading\" data-id=\"2d39563\" data-element_type=\"widget\" data-widget_type=\"heading.default\">\n\t\t\t\t<div class=\"elementor-widget-container\">\n\t\t\t\t\t<p class=\"elementor-heading-title elementor-size-default\">Comprender el concepto de <strong>RTP<\/strong> es vital para cualquiera que desee maximizar sus posibilidades en cualquier juego de azar, y Chicken Road no es una excepci\u00f3n. El RTP, o tasa de retorno al jugador, es una estad\u00edstica vital que indica la cantidad te\u00f3rica de dinero que puedes esperar recuperar con el tiempo jugando.<\/p>\t\t\t\t<\/div>\n\t\t\t\t<\/div>\n\t\t\t\t<div class=\"elementor-element elementor-element-fec6fab elementor-widget elementor-widget-heading\" data-id=\"fec6fab\" data-element_type=\"widget\" data-widget_type=\"heading.default\">\n\t\t\t\t<div class=\"elementor-widget-container\">\n\t\t\t\t\t<p class=\"elementor-heading-title elementor-size-default\">En <strong>Carretera de los pollos<\/strong>El RTP medio gira en torno a valores muy atractivos, animando a los participantes a tomar parte en la aventura y explorar cada rinc\u00f3n de este cautivador juego.<\/p>\t\t\t\t<\/div>\n\t\t\t\t<\/div>\n\t\t\t\t<div class=\"elementor-element elementor-element-1132311 elementor-widget elementor-widget-text-editor\" data-id=\"1132311\" data-element_type=\"widget\" data-widget_type=\"text-editor.default\">\n\t\t\t\t<div class=\"elementor-widget-container\">\n\t\t\t\t\t\t\t\t\t<table>\n<tr>\n  <th>\ud83d\udd0e Ejemplo<\/th>\n  <th>\ud83c\udf1f Porcentaje RTP<\/th>\n<\/tr>\n<tr>\n  <td>Juego de puzzle cl\u00e1sico<\/td>\n  <td>85%<\/td>\n<\/tr>\n<tr>\n  <td>Pollo Especial Carretera<\/td>\n  <td>92%<\/td>\n<\/tr>\n<\/table>\n\t\t\t\t\t\t\t\t<\/div>\n\t\t\t\t<\/div>\n\t\t\t\t<div class=\"elementor-element elementor-element-7ef4d4c elementor-widget elementor-widget-image\" data-id=\"7ef4d4c\" data-element_type=\"widget\" data-widget_type=\"image.default\">\n\t\t\t\t<div class=\"elementor-widget-container\">\n\t\t\t\t\t\t\t\t\t\t\t\t\t\t\t<img decoding=\"async\" src=\"https:\/\/ceuginegueugnon.com\/wp-content\/uploads\/2025\/05\/img4.png\" title=\"\" alt=\"\" loading=\"lazy\" \/>\t\t\t\t\t\t\t\t\t\t\t\t\t\t\t<\/div>\n\t\t\t\t<\/div>\n\t\t\t\t<div class=\"elementor-element elementor-element-495f19c elementor-widget elementor-widget-text-editor\" data-id=\"495f19c\" data-element_type=\"widget\" data-widget_type=\"text-editor.default\">\n\t\t\t\t<div class=\"elementor-widget-container\">\n\t\t\t\t\t\t\t\t\t<h2>Preguntas frecuentes sobre la ruta del pollo y sus caracter\u00edsticas espec\u00edficas<\/h2>\n<div itemscope itemtype=\"https:\/\/schema.org\/FAQPage\">\n  <div itemprop=\"mainEntity\" itemscope itemtype=\"https:\/\/schema.org\/Question\">\n    <h3 itemprop=\"name\">\u00bfQu\u00e9 dispositivos puedo usar para jugar a Chicken Road?<\/h3>\n    <div itemprop=\"acceptedAnswer\" itemscope itemtype=\"https:\/\/schema.org\/Answer\">\n      <p itemprop=\"text\">Puedes jugar a <strong>Carretera de los pollos<\/strong> en m\u00faltiples dispositivos como ordenadores, tabletas y tel\u00e9fonos inteligentes. As\u00ed podr\u00e1s disfrutar del intr\u00e9pido pollo est\u00e9s donde est\u00e9s.<\/p>\n    <\/div>\n  <\/div>\n  <div itemprop=\"mainEntity\" itemscope itemtype=\"https:\/\/schema.org\/Question\">\n    <h3 itemprop=\"name\">\u00bfNecesito descargarme algo para jugar?<\/h3>\n    <div itemprop=\"acceptedAnswer\" itemscope itemtype=\"https:\/\/schema.org\/Answer\">\n      <p itemprop=\"text\">No, no hay nada que descargar. Puedes acceder a Chicken Road directamente desde tu navegador favorito. S\u00f3lo tienes que iniciar el juego y \u00a1listo! Un peque\u00f1o consejo: aseg\u00farate de que tu conexi\u00f3n a Internet es estable para evitar interrupciones inesperadas.<\/p>\n    <\/div>\n  <\/div>\n  <div itemprop=\"mainEntity\" itemscope itemtype=\"https:\/\/schema.org\/Question\">\n    <h3 itemprop=\"name\">\u00bfQu\u00e9 tipos de bonificaciones hay en Chicken Road?<\/h3>\n    <div itemprop=\"acceptedAnswer\" itemscope itemtype=\"https:\/\/schema.org\/Answer\">\n      <p itemprop=\"text\">Existen varios <strong>bonificaci\u00f3n<\/strong> en Chicken Road. Puedes recibir multiplicadores de ganancias, vidas extra o incluso aceleradores para ir m\u00e1s r\u00e1pido. Estas ventajas hacen que cada sesi\u00f3n de juego sea a\u00fan m\u00e1s emocionante.<\/p>\n    <\/div>\n  <\/div>\n  <div itemprop=\"mainEntity\" itemscope itemtype=\"https:\/\/schema.org\/Question\">\n    <h3 itemprop=\"name\">\u00bfPuedo probar Chicken Road gratis?<\/h3>\n    <div itemprop=\"acceptedAnswer\" itemscope itemtype=\"https:\/\/schema.org\/Answer\">\n      <p itemprop=\"text\">Por supuesto. Muchas plataformas ofrecen una versi\u00f3n de <strong>demostraci\u00f3n gratuita<\/strong> de Chicken Road. Esto le permite probar el juego antes de decidirse a apostar dinero real, perfecto para aquellos que quieren entender las reglas primero.<\/p>\n    <\/div>\n  <\/div>\n<\/div>\t\t\t\t\t\t\t\t<\/div>\n\t\t\t\t<\/div>\n\t\t\t\t<div class=\"elementor-element elementor-element-1af760f elementor-widget elementor-widget-image\" data-id=\"1af760f\" data-element_type=\"widget\" data-widget_type=\"image.default\">\n\t\t\t\t<div class=\"elementor-widget-container\">\n\t\t\t\t\t\t\t\t\t\t\t\t\t\t\t<img decoding=\"async\" src=\"https:\/\/ceuginegueugnon.com\/wp-content\/uploads\/2025\/05\/img3-2.png\" title=\"\" alt=\"\" loading=\"lazy\" \/>\t\t\t\t\t\t\t\t\t\t\t\t\t\t\t<\/div>\n\t\t\t\t<\/div>\n\t\t\t\t\t<\/div>\n\t\t<\/div>\n\t\t\t\t\t<\/div>\n\t\t<\/section>\n\t\t\t\t<\/div>","protected":false},"excerpt":{"rendered":"<p>Chicken Road \u1409 Juego online de pollo para ganar dinero en el casino JUEGA CHICKEN ROAD 2 Chicken [...].<\/p>","protected":false},"author":2,"featured_media":0,"parent":0,"menu_order":0,"comment_status":"closed","ping_status":"closed","template":"elementor_header_footer","meta":{"site-sidebar-layout":"no-sidebar","site-content-layout":"","ast-site-content-layout":"full-width-container","site-content-style":"default","site-sidebar-style":"default","ast-global-header-display":"","ast-banner-title-visibility":"","ast-main-header-display":"","ast-hfb-above-header-display":"","ast-hfb-below-header-display":"","ast-hfb-mobile-header-display":"","site-post-title":"disabled","ast-breadcrumbs-content":"","ast-featured-img":"disabled","footer-sml-layout":"","theme-transparent-header-meta":"default","adv-header-id-meta":"","stick-header-meta":"","header-above-stick-meta":"","header-main-stick-meta":"","header-below-stick-meta":"","astra-migrate-meta-layouts":"set","ast-page-background-enabled":"default","ast-page-background-meta":{"desktop":{"background-color":"var(--ast-global-color-5)","background-image":"","background-repeat":"repeat","background-position":"center center","background-size":"auto","background-attachment":"scroll","background-type":"","background-media":"","overlay-type":"","overlay-color":"","overlay-opacity":"","overlay-gradient":""},"tablet":{"background-color":"","background-image":"","background-repeat":"repeat","background-position":"center center","background-size":"auto","background-attachment":"scroll","background-type":"","background-media":"","overlay-type":"","overlay-color":"","overlay-opacity":"","overlay-gradient":""},"mobile":{"background-color":"","background-image":"","background-repeat":"repeat","background-position":"center center","background-size":"auto","background-attachment":"scroll","background-type":"","background-media":"","overlay-type":"","overlay-color":"","overlay-opacity":"","overlay-gradient":""}},"ast-content-background-meta":{"desktop":{"background-color":"var(--ast-global-color-4)","background-image":"","background-repeat":"repeat","background-position":"center center","background-size":"auto","background-attachment":"scroll","background-type":"","background-media":"","overlay-type":"","overlay-color":"","overlay-opacity":"","overlay-gradient":""},"tablet":{"background-color":"var(--ast-global-color-4)","background-image":"","background-repeat":"repeat","background-position":"center center","background-size":"auto","background-attachment":"scroll","background-type":"","background-media":"","overlay-type":"","overlay-color":"","overlay-opacity":"","overlay-gradient":""},"mobile":{"background-color":"var(--ast-global-color-4)","background-image":"","background-repeat":"repeat","background-position":"center center","background-size":"auto","background-attachment":"scroll","background-type":"","background-media":"","overlay-type":"","overlay-color":"","overlay-opacity":"","overlay-gradient":""}},"footnotes":""},"class_list":["post-712","page","type-page","status-publish","hentry"],"_links":{"self":[{"href":"https:\/\/ceuginegueugnon.com\/es\/wp-json\/wp\/v2\/pages\/712","targetHints":{"allow":["GET"]}}],"collection":[{"href":"https:\/\/ceuginegueugnon.com\/es\/wp-json\/wp\/v2\/pages"}],"about":[{"href":"https:\/\/ceuginegueugnon.com\/es\/wp-json\/wp\/v2\/types\/page"}],"author":[{"embeddable":true,"href":"https:\/\/ceuginegueugnon.com\/es\/wp-json\/wp\/v2\/users\/2"}],"replies":[{"embeddable":true,"href":"https:\/\/ceuginegueugnon.com\/es\/wp-json\/wp\/v2\/comments?post=712"}],"version-history":[{"count":136,"href":"https:\/\/ceuginegueugnon.com\/es\/wp-json\/wp\/v2\/pages\/712\/revisions"}],"predecessor-version":[{"id":861,"href":"https:\/\/ceuginegueugnon.com\/es\/wp-json\/wp\/v2\/pages\/712\/revisions\/861"}],"wp:attachment":[{"href":"https:\/\/ceuginegueugnon.com\/es\/wp-json\/wp\/v2\/media?parent=712"}],"curies":[{"name":"wp","href":"https:\/\/api.w.org\/{rel}","templated":true}]}}