{"id":712,"date":"2025-05-07T08:09:11","date_gmt":"2025-05-07T08:09:11","guid":{"rendered":"https:\/\/ceuginegueugnon.com\/?page_id=712"},"modified":"2025-05-07T23:38:24","modified_gmt":"2025-05-07T23:38:24","slug":"home","status":"publish","type":"page","link":"https:\/\/ceuginegueugnon.com\/de\/","title":{"rendered":"Home"},"content":{"rendered":"<div data-elementor-type=\"wp-page\" data-elementor-id=\"712\" class=\"elementor elementor-712\" data-elementor-post-type=\"page\">\n\t\t\t\t\t\t<section class=\"elementor-section elementor-top-section elementor-element elementor-element-168c704 elementor-section-boxed elementor-section-height-default elementor-section-height-default\" data-id=\"168c704\" data-element_type=\"section\">\n\t\t\t\t\t\t<div class=\"elementor-container elementor-column-gap-default\">\n\t\t\t\t\t<div class=\"elementor-column elementor-col-100 elementor-top-column elementor-element elementor-element-445fee0\" data-id=\"445fee0\" data-element_type=\"column\">\n\t\t\t<div class=\"elementor-widget-wrap elementor-element-populated\">\n\t\t\t\t\t\t<div class=\"elementor-element elementor-element-d6ffa0b elementor-widget elementor-widget-heading\" data-id=\"d6ffa0b\" data-element_type=\"widget\" data-widget_type=\"heading.default\">\n\t\t\t\t<div class=\"elementor-widget-container\">\n\t\t\t\t\t<h2 class=\"elementor-heading-title elementor-size-default\">Chicken Road \u1409 Online-Spiel mit dem Huhn, um im Casino Geld zu gewinnen.\n<\/h2>\t\t\t\t<\/div>\n\t\t\t\t<\/div>\n\t\t\t\t<div class=\"elementor-element elementor-element-4dbf589 elementor-align-center elementor-widget elementor-widget-button\" data-id=\"4dbf589\" data-element_type=\"widget\" data-widget_type=\"button.default\">\n\t\t\t\t<div class=\"elementor-widget-container\">\n\t\t\t\t\t\t\t\t\t<div class=\"elementor-button-wrapper\">\n\t\t\t\t\t<a class=\"elementor-button elementor-button-link elementor-size-sm\" href=\"https:\/\/taap.it\/Sx0NZ2\">\n\t\t\t\t\t\t<span class=\"elementor-button-content-wrapper\">\n\t\t\t\t\t\t\t\t\t<span class=\"elementor-button-text\">SPIELE CHICKEN ROAD 2<\/span>\n\t\t\t\t\t<\/span>\n\t\t\t\t\t<\/a>\n\t\t\t\t<\/div>\n\t\t\t\t\t\t\t\t<\/div>\n\t\t\t\t<\/div>\n\t\t\t\t<div class=\"elementor-element elementor-element-a8da9a1 elementor-widget elementor-widget-html\" data-id=\"a8da9a1\" data-element_type=\"widget\" data-widget_type=\"html.default\">\n\t\t\t\t<div class=\"elementor-widget-container\">\n\t\t\t\t\t<iframe src=\"https:\/\/demo.inout.games\/games-view\/games\/game\/?authToken=789ac55e-6fb5-4496-a438-cca4db3313e1&operatorId=ee2013ed-e1f0-4d6e-97d2-f36619e2eb52&gameMode=chicken-road-two&isDemo=MTc0NjU5MzEwNTk1Ng%3D%3D&currency=USD&lang=en\" \n  height=\"700\"><\/iframe>\t\t\t\t<\/div>\n\t\t\t\t<\/div>\n\t\t\t\t<div class=\"elementor-element elementor-element-54adcb9 elementor-widget elementor-widget-heading\" data-id=\"54adcb9\" data-element_type=\"widget\" data-widget_type=\"heading.default\">\n\t\t\t\t<div class=\"elementor-widget-container\">\n\t\t\t\t\t<h1 class=\"elementor-heading-title elementor-size-default\">Chicken Road: Online-Spiel mit dem Huhn, um im Kasino Geld zu verdienen<\/h1>\t\t\t\t<\/div>\n\t\t\t\t<\/div>\n\t\t\t\t<div class=\"elementor-element elementor-element-781c468 elementor-widget elementor-widget-heading\" data-id=\"781c468\" data-element_type=\"widget\" data-widget_type=\"heading.default\">\n\t\t\t\t<div class=\"elementor-widget-container\">\n\t\t\t\t\t<p class=\"elementor-heading-title elementor-size-default\">Haben Sie schon einmal von <strong>Chicken Road<\/strong> ? Es ist ein <strong>Gl\u00fccksspiel<\/strong> Das Ziel ist so einfach wie fesselnd: Ein Huhn durch eine Reihe von Herausforderungen zu f\u00fchren, um potenziell Geld zu gewinnen. <strong>attraktive Gewinne<\/strong>. Dieses Minispiel hebt sich in der Welt des <strong>Online-Casino<\/strong> durch sein innovatives Konzept und den einfachen Zugang, der jeden Tag viele Spieler anzieht.<\/p>\t\t\t\t<\/div>\n\t\t\t\t<\/div>\n\t\t\t\t<div class=\"elementor-element elementor-element-8dfe924 elementor-widget elementor-widget-heading\" data-id=\"8dfe924\" data-element_type=\"widget\" data-widget_type=\"heading.default\">\n\t\t\t\t<div class=\"elementor-widget-container\">\n\t\t\t\t\t<p class=\"elementor-heading-title elementor-size-default\">Der Erfolg von Chicken Road beruht auf einem leckeren Rezept, das Einfachheit, Spa\u00df und die M\u00f6glichkeit zum <strong>gro\u00df gewinnen<\/strong>. Mit einer Spielmechanik, die an die ber\u00fchmten Puzzlespiele erinnert, modernisiert Chicken Road die traditionelle Erfahrung der Online-Unterhaltung und integriert gleichzeitig die Kanzlei des Gl\u00fccksspiels. Sind Sie von diesem einzigartigen Cocktail fasziniert? Lassen Sie uns gemeinsam in die aufregende Welt des abenteuerlustigen Huhns eintauchen und herausfinden, was es so besonders macht.<\/p>\t\t\t\t<\/div>\n\t\t\t\t<\/div>\n\t\t\t\t<div class=\"elementor-element elementor-element-5f0eb06 elementor-widget elementor-widget-heading\" data-id=\"5f0eb06\" data-element_type=\"widget\" data-widget_type=\"heading.default\">\n\t\t\t\t<div class=\"elementor-widget-container\">\n\t\t\t\t\t<h2 class=\"elementor-heading-title elementor-size-default\">Wie spielt man Chicken Road?<\/h2>\t\t\t\t<\/div>\n\t\t\t\t<\/div>\n\t\t\t\t<div class=\"elementor-element elementor-element-79375ef elementor-widget elementor-widget-heading\" data-id=\"79375ef\" data-element_type=\"widget\" data-widget_type=\"heading.default\">\n\t\t\t\t<div class=\"elementor-widget-container\">\n\t\t\t\t\t<p class=\"elementor-heading-title elementor-size-default\">ouer zu <strong>Chicken Road<\/strong> ist ein echtes Kinderspiel. Das Prinzip ist klar: Helfen Sie Ihrem Huhn, verschiedene, mit Hindernissen gespickte Stra\u00dfen zu \u00fcberqueren. Jede Bewegung z\u00e4hlt und eine gut durchdachte Strategie kann der Schl\u00fcssel zur Maximierung der <strong>potenzielle Gewinne<\/strong>. Aber Vorsicht! Die Fallen sind allgegenw\u00e4rtig und erfordern eine geh\u00f6rige Portion \u00dcberlegung, was jedes Spiel einzigartig macht.<\/p>\t\t\t\t<\/div>\n\t\t\t\t<\/div>\n\t\t\t\t<div class=\"elementor-element elementor-element-e88a37f elementor-align-center elementor-widget elementor-widget-button\" data-id=\"e88a37f\" data-element_type=\"widget\" data-widget_type=\"button.default\">\n\t\t\t\t<div class=\"elementor-widget-container\">\n\t\t\t\t\t\t\t\t\t<div class=\"elementor-button-wrapper\">\n\t\t\t\t\t<a class=\"elementor-button elementor-button-link elementor-size-sm\" href=\"https:\/\/taap.it\/Sx0NZ2\">\n\t\t\t\t\t\t<span class=\"elementor-button-content-wrapper\">\n\t\t\t\t\t\t\t\t\t<span class=\"elementor-button-text\">SPIELE CHICKEN ROAD 2 (KOSTENLOSER BONUS)<\/span>\n\t\t\t\t\t<\/span>\n\t\t\t\t\t<\/a>\n\t\t\t\t<\/div>\n\t\t\t\t\t\t\t\t<\/div>\n\t\t\t\t<\/div>\n\t\t\t\t<div class=\"elementor-element elementor-element-474a8ba elementor-widget elementor-widget-image\" data-id=\"474a8ba\" data-element_type=\"widget\" data-widget_type=\"image.default\">\n\t\t\t\t<div class=\"elementor-widget-container\">\n\t\t\t\t\t\t\t\t\t\t\t\t\t\t\t<img fetchpriority=\"high\" decoding=\"async\" width=\"1366\" height=\"768\" src=\"https:\/\/ceuginegueugnon.com\/wp-content\/uploads\/2025\/05\/img2.png\" class=\"attachment-full size-full wp-image-756\" alt=\"\" srcset=\"https:\/\/ceuginegueugnon.com\/wp-content\/uploads\/2025\/05\/img2.png 1366w, https:\/\/ceuginegueugnon.com\/wp-content\/uploads\/2025\/05\/img2-300x169.png 300w, https:\/\/ceuginegueugnon.com\/wp-content\/uploads\/2025\/05\/img2-1024x576.png 1024w, https:\/\/ceuginegueugnon.com\/wp-content\/uploads\/2025\/05\/img2-768x432.png 768w, https:\/\/ceuginegueugnon.com\/wp-content\/uploads\/2025\/05\/img2-18x10.png 18w\" sizes=\"(max-width: 1366px) 100vw, 1366px\" \/>\t\t\t\t\t\t\t\t\t\t\t\t\t\t\t<\/div>\n\t\t\t\t<\/div>\n\t\t\t\t<div class=\"elementor-element elementor-element-4e4c0a8 elementor-widget elementor-widget-heading\" data-id=\"4e4c0a8\" data-element_type=\"widget\" data-widget_type=\"heading.default\">\n\t\t\t\t<div class=\"elementor-widget-container\">\n\t\t\t\t\t<p class=\"elementor-heading-title elementor-size-default\">Um auch Neulinge zu begeistern, bietet Chicken Road oft eine <strong>kostenlose Demo<\/strong>. So k\u00f6nnen sich neue Spieler mit dem Konzept vertraut machen, bevor sie sich ernsthafter engagieren. Lehnen Sie sich zur\u00fcck, genie\u00dfen Sie und lassen Sie sich von diesem unterhaltsamen und herausfordernden Abenteuer mitrei\u00dfen.<\/p>\t\t\t\t<\/div>\n\t\t\t\t<\/div>\n\t\t\t\t<div class=\"elementor-element elementor-element-9676c2e elementor-widget elementor-widget-heading\" data-id=\"9676c2e\" data-element_type=\"widget\" data-widget_type=\"heading.default\">\n\t\t\t\t<div class=\"elementor-widget-container\">\n\t\t\t\t\t<h3 class=\"elementor-heading-title elementor-size-default\">Die Schritte des Spiels<\/h3>\t\t\t\t<\/div>\n\t\t\t\t<\/div>\n\t\t\t\t<div class=\"elementor-element elementor-element-aac5250 elementor-widget elementor-widget-text-editor\" data-id=\"aac5250\" data-element_type=\"widget\" data-widget_type=\"text-editor.default\">\n\t\t\t\t<div class=\"elementor-widget-container\">\n\t\t\t\t\t\t\t\t\t<ul>\n  <li>\ud83d\udeb6\u200d\u2642\ufe0f Bewege das Huhn: Benutze die Pfeile, um dein Huhn zu lenken, weiche den Hindernissen aus und erreiche das Ende des Parcours.<\/li>\n  <li>\ud83c\udfaf Strategie: Plane deine Z\u00fcge, um Gefahren zu vermeiden und kumuliere <strong>Zusatzpunkte<\/strong>.<\/li>\n  <li>\ud83d\udcb0 Sammeln: Sammeln Sie die <strong>verstreute Boni<\/strong> auf dem Spielfeld, um Ihre Endpunktzahl zu steigern.<\/li>\n<\/ul>\t\t\t\t\t\t\t\t<\/div>\n\t\t\t\t<\/div>\n\t\t\t\t<div class=\"elementor-element elementor-element-cd9ce45 elementor-widget elementor-widget-heading\" data-id=\"cd9ce45\" data-element_type=\"widget\" data-widget_type=\"heading.default\">\n\t\t\t\t<div class=\"elementor-widget-container\">\n\t\t\t\t\t<h3 class=\"elementor-heading-title elementor-size-default\">Potenzielle Gewinne aus Chicken Road<\/h3>\t\t\t\t<\/div>\n\t\t\t\t<\/div>\n\t\t\t\t<div class=\"elementor-element elementor-element-05a0199 elementor-widget elementor-widget-heading\" data-id=\"05a0199\" data-element_type=\"widget\" data-widget_type=\"heading.default\">\n\t\t\t\t<div class=\"elementor-widget-container\">\n\t\t\t\t\t<p class=\"elementor-heading-title elementor-size-default\">Es versteht sich von selbst, dass eine der Hauptattraktionen von <strong>Chicken Road<\/strong> liegt in seinen <strong>potenzielle Gewinne<\/strong>. Je nachdem, wie geschickt und strategisch Sie sind, k\u00f6nnen Sie Ihre Eins\u00e4tze erheblich vervielfachen. Dank der Gamification-Mechanik und der verlockenden Gewinntabellen bringt jeder Gewinn eine Menge Befriedigung.<\/p>\t\t\t\t<\/div>\n\t\t\t\t<\/div>\n\t\t\t\t<div class=\"elementor-element elementor-element-ec19338 elementor-widget elementor-widget-heading\" data-id=\"ec19338\" data-element_type=\"widget\" data-widget_type=\"heading.default\">\n\t\t\t\t<div class=\"elementor-widget-container\">\n\t\t\t\t\t<p class=\"elementor-heading-title elementor-size-default\">Die <strong>zur\u00fcck zum Spieler (RTP)<\/strong> ist ebenfalls ein wichtiger Faktor, den Sie bei der Entscheidung, sich in die Action zu st\u00fcrzen, ber\u00fccksichtigen sollten. Chicken Road bietet im Vergleich zu anderen Online-Casino-Minispielen in der Regel einen wettbewerbsf\u00e4higen RTP. Das bedeutet, dass Ihre Chancen, einen gro\u00dfen Teil Ihrer Investitionen zur\u00fcckzubekommen, relativ hoch sind.<\/p>\t\t\t\t<\/div>\n\t\t\t\t<\/div>\n\t\t\t\t<div class=\"elementor-element elementor-element-193d312 elementor-align-center elementor-widget elementor-widget-button\" data-id=\"193d312\" data-element_type=\"widget\" data-widget_type=\"button.default\">\n\t\t\t\t<div class=\"elementor-widget-container\">\n\t\t\t\t\t\t\t\t\t<div class=\"elementor-button-wrapper\">\n\t\t\t\t\t<a class=\"elementor-button elementor-button-link elementor-size-sm\" href=\"https:\/\/taap.it\/Sx0NZ2\">\n\t\t\t\t\t\t<span class=\"elementor-button-content-wrapper\">\n\t\t\t\t\t\t\t\t\t<span class=\"elementor-button-text\">GESCHENKTER BONUS CHICKEN ROAD 2<\/span>\n\t\t\t\t\t<\/span>\n\t\t\t\t\t<\/a>\n\t\t\t\t<\/div>\n\t\t\t\t\t\t\t\t<\/div>\n\t\t\t\t<\/div>\n\t\t\t\t<div class=\"elementor-element elementor-element-4712ee5 elementor-widget elementor-widget-heading\" data-id=\"4712ee5\" data-element_type=\"widget\" data-widget_type=\"heading.default\">\n\t\t\t\t<div class=\"elementor-widget-container\">\n\t\t\t\t\t<h3 class=\"elementor-heading-title elementor-size-default\">Optimieren Sie Ihre Gewinnchancen<\/h3>\t\t\t\t<\/div>\n\t\t\t\t<\/div>\n\t\t\t\t<div class=\"elementor-element elementor-element-a7d94bc elementor-widget elementor-widget-heading\" data-id=\"a7d94bc\" data-element_type=\"widget\" data-widget_type=\"heading.default\">\n\t\t\t\t<div class=\"elementor-widget-container\">\n\t\t\t\t\t<p class=\"elementor-heading-title elementor-size-default\">Mit ein paar Tricks k\u00f6nnen Sie Ihre Erfolgschancen erh\u00f6hen:<\/p>\t\t\t\t<\/div>\n\t\t\t\t<\/div>\n\t\t\t\t<div class=\"elementor-element elementor-element-79f7974 elementor-widget elementor-widget-text-editor\" data-id=\"79f7974\" data-element_type=\"widget\" data-widget_type=\"text-editor.default\">\n\t\t\t\t<div class=\"elementor-widget-container\">\n\t\t\t\t\t\t\t\t\t<ul>\n  <li>\ud83e\udde0 Rhythmus verstehen: Achten Sie genau auf die Geschwindigkeit und die Muster der Hindernisse, um die Bewegungen vorauszusehen.<\/li>\n  <li>\ud83d\udd0d Analyse: Nimm dir einen Moment Zeit, um jede Ebene zu analysieren, bevor du deine ersten Bewegungen machst.<\/li>\n  <li>\ud83c\udfc6 Genie\u00dfen Sie die <strong>Bonus<\/strong> : Setzen Sie die Belohnungen, die Sie unterwegs erhalten, klug ein, um Ihre Endpunktzahl zu verbessern.<\/li>\n<\/ul>\t\t\t\t\t\t\t\t<\/div>\n\t\t\t\t<\/div>\n\t\t\t\t<div class=\"elementor-element elementor-element-ab237a5 elementor-widget elementor-widget-heading\" data-id=\"ab237a5\" data-element_type=\"widget\" data-widget_type=\"heading.default\">\n\t\t\t\t<div class=\"elementor-widget-container\">\n\t\t\t\t\t<h2 class=\"elementor-heading-title elementor-size-default\">Der Einfluss von sozialen Netzwerken auf Chicken Road<\/h2>\t\t\t\t<\/div>\n\t\t\t\t<\/div>\n\t\t\t\t<div class=\"elementor-element elementor-element-d061669 elementor-widget elementor-widget-heading\" data-id=\"d061669\" data-element_type=\"widget\" data-widget_type=\"heading.default\">\n\t\t\t\t<div class=\"elementor-widget-container\">\n\t\t\t\t\t<p class=\"elementor-heading-title elementor-size-default\">In einer st\u00e4ndig vernetzten Welt <strong>soziale Netzwerke<\/strong> spielen eine entscheidende Rolle bei der wachsenden Beliebtheit von <strong>Chicken Road<\/strong>. Plattformen wie Instagram oder Facebook erm\u00f6glichen es den Spielern, ihre Spielst\u00e4nde zu teilen und so eine anregende Dynamik unter Freunden oder in dedizierten Gemeinschaften zu schaffen.<\/p>\t\t\t\t<\/div>\n\t\t\t\t<\/div>\n\t\t\t\t<div class=\"elementor-element elementor-element-6bcfe78 elementor-widget elementor-widget-heading\" data-id=\"6bcfe78\" data-element_type=\"widget\" data-widget_type=\"heading.default\">\n\t\t\t\t<div class=\"elementor-widget-container\">\n\t\t\t\t\t<p class=\"elementor-heading-title elementor-size-default\">Dar\u00fcber hinaus sind viele <strong>Online-Kasinos<\/strong> bieten spezielle Wettbewerbe an, die \u00fcber ihre sozialen Seiten zug\u00e4nglich sind. Diese Events k\u00f6nnen exklusive Boni f\u00fcr Chicken Road beinhalten, die die Spieler dazu anregen, mehr teilzunehmen und regelm\u00e4\u00dfig wiederzukommen, um ihr Gl\u00fcck zu versuchen.<\/p>\t\t\t\t<\/div>\n\t\t\t\t<\/div>\n\t\t\t\t<div class=\"elementor-element elementor-element-3a73ac1 elementor-widget elementor-widget-image\" data-id=\"3a73ac1\" data-element_type=\"widget\" data-widget_type=\"image.default\">\n\t\t\t\t<div class=\"elementor-widget-container\">\n\t\t\t\t\t\t\t\t\t\t\t\t\t\t\t<img decoding=\"async\" src=\"https:\/\/ceuginegueugnon.com\/wp-content\/uploads\/2025\/05\/img5.png\" title=\"\" alt=\"\" loading=\"lazy\" \/>\t\t\t\t\t\t\t\t\t\t\t\t\t\t\t<\/div>\n\t\t\t\t<\/div>\n\t\t\t\t<div class=\"elementor-element elementor-element-b9e4326 elementor-widget elementor-widget-heading\" data-id=\"b9e4326\" data-element_type=\"widget\" data-widget_type=\"heading.default\">\n\t\t\t\t<div class=\"elementor-widget-container\">\n\t\t\t\t\t<h3 class=\"elementor-heading-title elementor-size-default\">Was bedeutet das Konzept des RTP in Chicken Road?<\/h3>\t\t\t\t<\/div>\n\t\t\t\t<\/div>\n\t\t\t\t<div class=\"elementor-element elementor-element-2d39563 elementor-widget elementor-widget-heading\" data-id=\"2d39563\" data-element_type=\"widget\" data-widget_type=\"heading.default\">\n\t\t\t\t<div class=\"elementor-widget-container\">\n\t\t\t\t\t<p class=\"elementor-heading-title elementor-size-default\">Verstehen Sie das Konzept von <strong>RTP<\/strong> ist f\u00fcr jeden, der seine Chancen in jedem Gl\u00fccksspiel maximieren m\u00f6chte, lebenswichtig, und Chicken Road ist da keine Ausnahme. Die RTP, oder Spielerr\u00fccklaufquote, ist eine wichtige Statistik, die angibt, wie viel Geld Sie theoretisch im Laufe der Zeit durch das Spielen zur\u00fcckerhalten k\u00f6nnen.<\/p>\t\t\t\t<\/div>\n\t\t\t\t<\/div>\n\t\t\t\t<div class=\"elementor-element elementor-element-fec6fab elementor-widget elementor-widget-heading\" data-id=\"fec6fab\" data-element_type=\"widget\" data-widget_type=\"heading.default\">\n\t\t\t\t<div class=\"elementor-widget-container\">\n\t\t\t\t\t<p class=\"elementor-heading-title elementor-size-default\">In <strong>Chicken Road<\/strong>Das durchschnittliche RTP dreht sich um sehr attraktive Werte und ermutigt die Teilnehmer, sich auf das Abenteuer einzulassen und zu versuchen, jeden Winkel dieses fesselnden Spiels zu erkunden.<\/p>\t\t\t\t<\/div>\n\t\t\t\t<\/div>\n\t\t\t\t<div class=\"elementor-element elementor-element-1132311 elementor-widget elementor-widget-text-editor\" data-id=\"1132311\" data-element_type=\"widget\" data-widget_type=\"text-editor.default\">\n\t\t\t\t<div class=\"elementor-widget-container\">\n\t\t\t\t\t\t\t\t\t<table>\n<tr>\n  <th>\ud83d\udd0e Beispiel<\/th>\n  <th>\ud83c\udf1f Anteil RTP<\/th>\n<\/tr>\n<tr>\n  <td>Klassisches Puzzlespiel<\/td>\n  <td>85%<\/td>\n<\/tr>\n<tr>\n  <td>Chicken Road Spezial<\/td>\n  <td>92%<\/td>\n<\/tr>\n<\/table>\n\t\t\t\t\t\t\t\t<\/div>\n\t\t\t\t<\/div>\n\t\t\t\t<div class=\"elementor-element elementor-element-7ef4d4c elementor-widget elementor-widget-image\" data-id=\"7ef4d4c\" data-element_type=\"widget\" data-widget_type=\"image.default\">\n\t\t\t\t<div class=\"elementor-widget-container\">\n\t\t\t\t\t\t\t\t\t\t\t\t\t\t\t<img decoding=\"async\" src=\"https:\/\/ceuginegueugnon.com\/wp-content\/uploads\/2025\/05\/img4.png\" title=\"\" alt=\"\" loading=\"lazy\" \/>\t\t\t\t\t\t\t\t\t\t\t\t\t\t\t<\/div>\n\t\t\t\t<\/div>\n\t\t\t\t<div class=\"elementor-element elementor-element-495f19c elementor-widget elementor-widget-text-editor\" data-id=\"495f19c\" data-element_type=\"widget\" data-widget_type=\"text-editor.default\">\n\t\t\t\t<div class=\"elementor-widget-container\">\n\t\t\t\t\t\t\t\t\t<h2>FAQs zu Chicken Road und seinen Besonderheiten<\/h2>\n<div itemscope itemtype=\"https:\/\/schema.org\/FAQPage\">\n  <div itemprop=\"mainEntity\" itemscope itemtype=\"https:\/\/schema.org\/Question\">\n    <h3 itemprop=\"name\">Welches Ger\u00e4t kann man benutzen, um Chicken Road zu spielen?<\/h3>\n    <div itemprop=\"acceptedAnswer\" itemscope itemtype=\"https:\/\/schema.org\/Answer\">\n      <p itemprop=\"text\">Sie k\u00f6nnen spielen <strong>Chicken Road<\/strong> auf verschiedenen Ger\u00e4ten wie Computern, Tablets und Smartphones. Dadurch k\u00f6nnen Sie das furchtlose Huhn erleben, egal wo Sie sind.<\/p>\n    <\/div>\n  <\/div>\n  <div itemprop=\"mainEntity\" itemscope itemtype=\"https:\/\/schema.org\/Question\">\n    <h3 itemprop=\"name\">Ist es notwendig, etwas herunterzuladen, um zu spielen?<\/h3>\n    <div itemprop=\"acceptedAnswer\" itemscope itemtype=\"https:\/\/schema.org\/Answer\">\n      <p itemprop=\"text\">Nein, Sie m\u00fcssen nichts herunterladen. Chicken Road ist direkt \u00fcber Ihren Lieblingsbrowser zug\u00e4nglich. Starten Sie einfach das Spiel und los geht's! Kleiner Tipp: Stellen Sie sicher, dass Ihre Internetverbindung stabil ist, damit es nicht zu unerwarteten Unterbrechungen kommt.<\/p>\n    <\/div>\n  <\/div>\n  <div itemprop=\"mainEntity\" itemscope itemtype=\"https:\/\/schema.org\/Question\">\n    <h3 itemprop=\"name\">Welche Arten von Boni gibt es in Chicken Road?<\/h3>\n    <div itemprop=\"acceptedAnswer\" itemscope itemtype=\"https:\/\/schema.org\/Answer\">\n      <p itemprop=\"text\">Es gibt verschiedene <strong>Bonus<\/strong> in Chicken Road. Sie k\u00f6nnen Gewinnmultiplikatoren, Extraleben oder Beschleuniger erhalten, mit denen Sie schneller fahren k\u00f6nnen. Diese Vorteile machen jede Spielsitzung noch spannender.<\/p>\n    <\/div>\n  <\/div>\n  <div itemprop=\"mainEntity\" itemscope itemtype=\"https:\/\/schema.org\/Question\">\n    <h3 itemprop=\"name\">Kann ich Chicken Road kostenlos ausprobieren?<\/h3>\n    <div itemprop=\"acceptedAnswer\" itemscope itemtype=\"https:\/\/schema.org\/Answer\">\n      <p itemprop=\"text\">Auf jeden Fall! Viele Plattformen bieten eine Version von <strong>kostenlose Demo<\/strong> von Chicken Road zu spielen. So k\u00f6nnen Sie das Spiel ausprobieren, bevor Sie sich entscheiden, echtes Geld einzusetzen - perfekt f\u00fcr alle, die die Regeln erst einmal verstehen wollen.<\/p>\n    <\/div>\n  <\/div>\n<\/div>\t\t\t\t\t\t\t\t<\/div>\n\t\t\t\t<\/div>\n\t\t\t\t<div class=\"elementor-element elementor-element-1af760f elementor-widget elementor-widget-image\" data-id=\"1af760f\" data-element_type=\"widget\" data-widget_type=\"image.default\">\n\t\t\t\t<div class=\"elementor-widget-container\">\n\t\t\t\t\t\t\t\t\t\t\t\t\t\t\t<img decoding=\"async\" src=\"https:\/\/ceuginegueugnon.com\/wp-content\/uploads\/2025\/05\/img3-2.png\" title=\"\" alt=\"\" loading=\"lazy\" \/>\t\t\t\t\t\t\t\t\t\t\t\t\t\t\t<\/div>\n\t\t\t\t<\/div>\n\t\t\t\t\t<\/div>\n\t\t<\/div>\n\t\t\t\t\t<\/div>\n\t\t<\/section>\n\t\t\t\t<\/div>","protected":false},"excerpt":{"rendered":"<p>Chicken Road \u1409 Chicken Online Spiel um Geld im Casino zu gewinnen SPIELEN BEI CHICKEN ROAD 2 Chicken [...].<\/p>","protected":false},"author":2,"featured_media":0,"parent":0,"menu_order":0,"comment_status":"closed","ping_status":"closed","template":"elementor_header_footer","meta":{"site-sidebar-layout":"no-sidebar","site-content-layout":"","ast-site-content-layout":"full-width-container","site-content-style":"default","site-sidebar-style":"default","ast-global-header-display":"","ast-banner-title-visibility":"","ast-main-header-display":"","ast-hfb-above-header-display":"","ast-hfb-below-header-display":"","ast-hfb-mobile-header-display":"","site-post-title":"disabled","ast-breadcrumbs-content":"","ast-featured-img":"disabled","footer-sml-layout":"","theme-transparent-header-meta":"default","adv-header-id-meta":"","stick-header-meta":"","header-above-stick-meta":"","header-main-stick-meta":"","header-below-stick-meta":"","astra-migrate-meta-layouts":"set","ast-page-background-enabled":"default","ast-page-background-meta":{"desktop":{"background-color":"var(--ast-global-color-5)","background-image":"","background-repeat":"repeat","background-position":"center center","background-size":"auto","background-attachment":"scroll","background-type":"","background-media":"","overlay-type":"","overlay-color":"","overlay-opacity":"","overlay-gradient":""},"tablet":{"background-color":"","background-image":"","background-repeat":"repeat","background-position":"center center","background-size":"auto","background-attachment":"scroll","background-type":"","background-media":"","overlay-type":"","overlay-color":"","overlay-opacity":"","overlay-gradient":""},"mobile":{"background-color":"","background-image":"","background-repeat":"repeat","background-position":"center center","background-size":"auto","background-attachment":"scroll","background-type":"","background-media":"","overlay-type":"","overlay-color":"","overlay-opacity":"","overlay-gradient":""}},"ast-content-background-meta":{"desktop":{"background-color":"var(--ast-global-color-4)","background-image":"","background-repeat":"repeat","background-position":"center center","background-size":"auto","background-attachment":"scroll","background-type":"","background-media":"","overlay-type":"","overlay-color":"","overlay-opacity":"","overlay-gradient":""},"tablet":{"background-color":"var(--ast-global-color-4)","background-image":"","background-repeat":"repeat","background-position":"center center","background-size":"auto","background-attachment":"scroll","background-type":"","background-media":"","overlay-type":"","overlay-color":"","overlay-opacity":"","overlay-gradient":""},"mobile":{"background-color":"var(--ast-global-color-4)","background-image":"","background-repeat":"repeat","background-position":"center center","background-size":"auto","background-attachment":"scroll","background-type":"","background-media":"","overlay-type":"","overlay-color":"","overlay-opacity":"","overlay-gradient":""}},"footnotes":""},"class_list":["post-712","page","type-page","status-publish","hentry"],"_links":{"self":[{"href":"https:\/\/ceuginegueugnon.com\/de\/wp-json\/wp\/v2\/pages\/712","targetHints":{"allow":["GET"]}}],"collection":[{"href":"https:\/\/ceuginegueugnon.com\/de\/wp-json\/wp\/v2\/pages"}],"about":[{"href":"https:\/\/ceuginegueugnon.com\/de\/wp-json\/wp\/v2\/types\/page"}],"author":[{"embeddable":true,"href":"https:\/\/ceuginegueugnon.com\/de\/wp-json\/wp\/v2\/users\/2"}],"replies":[{"embeddable":true,"href":"https:\/\/ceuginegueugnon.com\/de\/wp-json\/wp\/v2\/comments?post=712"}],"version-history":[{"count":136,"href":"https:\/\/ceuginegueugnon.com\/de\/wp-json\/wp\/v2\/pages\/712\/revisions"}],"predecessor-version":[{"id":861,"href":"https:\/\/ceuginegueugnon.com\/de\/wp-json\/wp\/v2\/pages\/712\/revisions\/861"}],"wp:attachment":[{"href":"https:\/\/ceuginegueugnon.com\/de\/wp-json\/wp\/v2\/media?parent=712"}],"curies":[{"name":"wp","href":"https:\/\/api.w.org\/{rel}","templated":true}]}}